{"id":1129,"date":"2024-09-13T11:11:57","date_gmt":"2024-09-13T11:11:57","guid":{"rendered":"https:\/\/retecsl.com\/producto\/rep91508600\/"},"modified":"2024-09-13T11:11:57","modified_gmt":"2024-09-13T11:11:57","slug":"rep91508600","status":"publish","type":"product","link":"https:\/\/retecsl.com\/ca\/producto\/rep91508600\/","title":{"rendered":"REP91508600"},"content":{"rendered":"<p>PIST\u00d3 NOU AUST\u00cd 1300 MKII, COACH, SEDEN, COUNTRYMAN, AMERICA, 1275 GT, AUST\u00cd HEALEY SPRITE MK IV, 1300 MK III, AUST\u00cd ALLEGRO 1300, 1967-81. \u00d8 70,61 STD, CAP CONCAVA, AL\u00c7ADA DE COMPRESSI\u00d3 38-8,2, \u00d8 BUL\u00d3 20,637. PREU JOC DE 4 PISTONS.  <\/p>\n<p>MARCA: AUST\u00cd<\/p>\n","protected":false},"excerpt":{"rendered":"<p>Descripci\u00f3 del producte&#8230;<\/p>\n","protected":false},"featured_media":779,"template":"","meta":{"_monsterinsights_skip_tracking":false,"_monsterinsights_sitenote_active":false,"_monsterinsights_sitenote_note":"","_monsterinsights_sitenote_category":0,"site-sidebar-layout":"default","site-content-layout":"","ast-site-content-layout":"default","site-content-style":"default","site-sidebar-style":"default","ast-global-header-display":"","ast-banner-title-visibility":"","ast-main-header-display":"","ast-hfb-above-header-display":"","ast-hfb-below-header-display":"","ast-hfb-mobile-header-display":"","site-post-title":"","ast-breadcrumbs-content":"","ast-featured-img":"","footer-sml-layout":"","ast-disable-related-posts":"","theme-transparent-header-meta":"default","adv-header-id-meta":"","stick-header-meta":"default","header-above-stick-meta":"","header-main-stick-meta":"","header-below-stick-meta":"","astra-migrate-meta-layouts":"default","ast-page-background-enabled":"default","ast-page-background-meta":{"desktop":{"background-color":"var(--ast-global-color-4)","background-image":"","background-repeat":"repeat","background-position":"center center","background-size":"auto","background-attachment":"scroll","background-type":"","background-media":"","overlay-type":"","overlay-color":"","overlay-opacity":"","overlay-gradient":""},"tablet":{"background-color":"","background-image":"","background-repeat":"repeat","background-position":"center center","background-size":"auto","background-attachment":"scroll","background-type":"","background-media":"","overlay-type":"","overlay-color":"","overlay-opacity":"","overlay-gradient":""},"mobile":{"background-color":"","background-image":"","background-repeat":"repeat","background-position":"center center","background-size":"auto","background-attachment":"scroll","background-type":"","background-media":"","overlay-type":"","overlay-color":"","overlay-opacity":"","overlay-gradient":""}},"ast-content-background-meta":{"desktop":{"background-color":"var(--ast-global-color-5)","background-image":"","background-repeat":"repeat","background-position":"center center","background-size":"auto","background-attachment":"scroll","background-type":"","background-media":"","overlay-type":"","overlay-color":"","overlay-opacity":"","overlay-gradient":""},"tablet":{"background-color":"var(--ast-global-color-5)","background-image":"","background-repeat":"repeat","background-position":"center center","background-size":"auto","background-attachment":"scroll","background-type":"","background-media":"","overlay-type":"","overlay-color":"","overlay-opacity":"","overlay-gradient":""},"mobile":{"background-color":"var(--ast-global-color-5)","background-image":"","background-repeat":"repeat","background-position":"center center","background-size":"auto","background-attachment":"scroll","background-type":"","background-media":"","overlay-type":"","overlay-color":"","overlay-opacity":"","overlay-gradient":""}}},"product_brand":[],"product_cat":[44],"product_tag":[],"class_list":{"0":"post-1129","1":"product","2":"type-product","3":"status-publish","4":"has-post-thumbnail","6":"product_cat-classics","7":"desktop-align-left","8":"tablet-align-left","9":"mobile-align-left","10":"ast-product-gallery-layout-horizontal-slider","11":"ast-product-gallery-with-no-image","12":"ast-product-tabs-layout-horizontal","14":"first","15":"instock","16":"shipping-taxable","17":"product-type-simple"},"yoast_head":"<!-- This site is optimized with the Yoast SEO plugin v27.5 - https:\/\/yoast.com\/product\/yoast-seo-wordpress\/ -->\n<title>REP91508600 - RETEC SL - Rectificadora Tecnica<\/title>\n<meta name=\"robots\" content=\"index, follow, max-snippet:-1, max-image-preview:large, max-video-preview:-1\" \/>\n<link rel=\"canonical\" href=\"https:\/\/retecsl.com\/ca\/producto\/rep91508600\/\" \/>\n<meta property=\"og:locale\" content=\"ca_ES\" \/>\n<meta property=\"og:type\" content=\"article\" \/>\n<meta property=\"og:title\" content=\"REP91508600 - RETEC SL - Rectificadora Tecnica\" \/>\n<meta property=\"og:description\" content=\"Descripci\u00f3 del producte...\" \/>\n<meta property=\"og:url\" content=\"https:\/\/retecsl.com\/ca\/producto\/rep91508600\/\" \/>\n<meta property=\"og:site_name\" content=\"RETEC SL - Rectificadora Tecnica\" \/>\n<meta property=\"og:image\" content=\"https:\/\/retecsl.com\/wp-content\/uploads\/2024\/09\/REP91508600-1.jpg\" \/>\n\t<meta property=\"og:image:width\" content=\"640\" \/>\n\t<meta property=\"og:image:height\" content=\"480\" \/>\n\t<meta property=\"og:image:type\" content=\"image\/jpeg\" \/>\n<meta name=\"twitter:card\" content=\"summary_large_image\" \/>\n<script type=\"application\/ld+json\" class=\"yoast-schema-graph\">{\"@context\":\"https:\\\/\\\/schema.org\",\"@graph\":[{\"@type\":\"WebPage\",\"@id\":\"https:\\\/\\\/retecsl.com\\\/ca\\\/producto\\\/rep91508600\\\/\",\"url\":\"https:\\\/\\\/retecsl.com\\\/ca\\\/producto\\\/rep91508600\\\/\",\"name\":\"REP91508600 - RETEC SL - Rectificadora Tecnica\",\"isPartOf\":{\"@id\":\"https:\\\/\\\/retecsl.com\\\/#website\"},\"primaryImageOfPage\":{\"@id\":\"https:\\\/\\\/retecsl.com\\\/ca\\\/producto\\\/rep91508600\\\/#primaryimage\"},\"image\":{\"@id\":\"https:\\\/\\\/retecsl.com\\\/ca\\\/producto\\\/rep91508600\\\/#primaryimage\"},\"thumbnailUrl\":\"https:\\\/\\\/retecsl.com\\\/wp-content\\\/uploads\\\/2024\\\/09\\\/REP91508600-1.jpg\",\"datePublished\":\"2024-09-13T11:11:57+00:00\",\"breadcrumb\":{\"@id\":\"https:\\\/\\\/retecsl.com\\\/ca\\\/producto\\\/rep91508600\\\/#breadcrumb\"},\"inLanguage\":\"ca\",\"potentialAction\":[{\"@type\":\"ReadAction\",\"target\":[\"https:\\\/\\\/retecsl.com\\\/ca\\\/producto\\\/rep91508600\\\/\"]}]},{\"@type\":\"ImageObject\",\"inLanguage\":\"ca\",\"@id\":\"https:\\\/\\\/retecsl.com\\\/ca\\\/producto\\\/rep91508600\\\/#primaryimage\",\"url\":\"https:\\\/\\\/retecsl.com\\\/wp-content\\\/uploads\\\/2024\\\/09\\\/REP91508600-1.jpg\",\"contentUrl\":\"https:\\\/\\\/retecsl.com\\\/wp-content\\\/uploads\\\/2024\\\/09\\\/REP91508600-1.jpg\",\"width\":640,\"height\":480,\"caption\":\"REP91508600\"},{\"@type\":\"BreadcrumbList\",\"@id\":\"https:\\\/\\\/retecsl.com\\\/ca\\\/producto\\\/rep91508600\\\/#breadcrumb\",\"itemListElement\":[{\"@type\":\"ListItem\",\"position\":1,\"name\":\"Portada\",\"item\":\"https:\\\/\\\/retecsl.com\\\/ca\\\/\"},{\"@type\":\"ListItem\",\"position\":2,\"name\":\"Recambios\",\"item\":\"https:\\\/\\\/retecsl.com\\\/recambios-de-ocasion\\\/\"},{\"@type\":\"ListItem\",\"position\":3,\"name\":\"REP91508600\"}]},{\"@type\":\"WebSite\",\"@id\":\"https:\\\/\\\/retecsl.com\\\/#website\",\"url\":\"https:\\\/\\\/retecsl.com\\\/\",\"name\":\"RETEC SL - Rectificadora Tecnica\",\"description\":\"Reparaci\u00f3n y reconstrucci\u00f3n de todo tipo de motores de explosi\u00f3n\",\"publisher\":{\"@id\":\"https:\\\/\\\/retecsl.com\\\/#organization\"},\"alternateName\":\"retecsl\",\"potentialAction\":[{\"@type\":\"SearchAction\",\"target\":{\"@type\":\"EntryPoint\",\"urlTemplate\":\"https:\\\/\\\/retecsl.com\\\/?s={search_term_string}\"},\"query-input\":{\"@type\":\"PropertyValueSpecification\",\"valueRequired\":true,\"valueName\":\"search_term_string\"}}],\"inLanguage\":\"ca\"},{\"@type\":\"Organization\",\"@id\":\"https:\\\/\\\/retecsl.com\\\/#organization\",\"name\":\"RETEC SL - Rectificadora Tecnica\",\"url\":\"https:\\\/\\\/retecsl.com\\\/\",\"logo\":{\"@type\":\"ImageObject\",\"inLanguage\":\"ca\",\"@id\":\"https:\\\/\\\/retecsl.com\\\/#\\\/schema\\\/logo\\\/image\\\/\",\"url\":\"https:\\\/\\\/retecsl.com\\\/wp-content\\\/uploads\\\/2025\\\/04\\\/retec_logo.png\",\"contentUrl\":\"https:\\\/\\\/retecsl.com\\\/wp-content\\\/uploads\\\/2025\\\/04\\\/retec_logo.png\",\"width\":400,\"height\":123,\"caption\":\"RETEC SL - Rectificadora Tecnica\"},\"image\":{\"@id\":\"https:\\\/\\\/retecsl.com\\\/#\\\/schema\\\/logo\\\/image\\\/\"}}]}<\/script>\n<!-- \/ Yoast SEO plugin. -->","yoast_head_json":{"title":"REP91508600 - RETEC SL - Rectificadora Tecnica","robots":{"index":"index","follow":"follow","max-snippet":"max-snippet:-1","max-image-preview":"max-image-preview:large","max-video-preview":"max-video-preview:-1"},"canonical":"https:\/\/retecsl.com\/ca\/producto\/rep91508600\/","og_locale":"ca_ES","og_type":"article","og_title":"REP91508600 - RETEC SL - Rectificadora Tecnica","og_description":"Descripci\u00f3 del producte...","og_url":"https:\/\/retecsl.com\/ca\/producto\/rep91508600\/","og_site_name":"RETEC SL - Rectificadora Tecnica","og_image":[{"width":640,"height":480,"url":"https:\/\/retecsl.com\/wp-content\/uploads\/2024\/09\/REP91508600-1.jpg","type":"image\/jpeg"}],"twitter_card":"summary_large_image","schema":{"@context":"https:\/\/schema.org","@graph":[{"@type":"WebPage","@id":"https:\/\/retecsl.com\/ca\/producto\/rep91508600\/","url":"https:\/\/retecsl.com\/ca\/producto\/rep91508600\/","name":"REP91508600 - RETEC SL - Rectificadora Tecnica","isPartOf":{"@id":"https:\/\/retecsl.com\/#website"},"primaryImageOfPage":{"@id":"https:\/\/retecsl.com\/ca\/producto\/rep91508600\/#primaryimage"},"image":{"@id":"https:\/\/retecsl.com\/ca\/producto\/rep91508600\/#primaryimage"},"thumbnailUrl":"https:\/\/retecsl.com\/wp-content\/uploads\/2024\/09\/REP91508600-1.jpg","datePublished":"2024-09-13T11:11:57+00:00","breadcrumb":{"@id":"https:\/\/retecsl.com\/ca\/producto\/rep91508600\/#breadcrumb"},"inLanguage":"ca","potentialAction":[{"@type":"ReadAction","target":["https:\/\/retecsl.com\/ca\/producto\/rep91508600\/"]}]},{"@type":"ImageObject","inLanguage":"ca","@id":"https:\/\/retecsl.com\/ca\/producto\/rep91508600\/#primaryimage","url":"https:\/\/retecsl.com\/wp-content\/uploads\/2024\/09\/REP91508600-1.jpg","contentUrl":"https:\/\/retecsl.com\/wp-content\/uploads\/2024\/09\/REP91508600-1.jpg","width":640,"height":480,"caption":"REP91508600"},{"@type":"BreadcrumbList","@id":"https:\/\/retecsl.com\/ca\/producto\/rep91508600\/#breadcrumb","itemListElement":[{"@type":"ListItem","position":1,"name":"Portada","item":"https:\/\/retecsl.com\/ca\/"},{"@type":"ListItem","position":2,"name":"Recambios","item":"https:\/\/retecsl.com\/recambios-de-ocasion\/"},{"@type":"ListItem","position":3,"name":"REP91508600"}]},{"@type":"WebSite","@id":"https:\/\/retecsl.com\/#website","url":"https:\/\/retecsl.com\/","name":"RETEC SL - Rectificadora Tecnica","description":"Reparaci\u00f3n y reconstrucci\u00f3n de todo tipo de motores de explosi\u00f3n","publisher":{"@id":"https:\/\/retecsl.com\/#organization"},"alternateName":"retecsl","potentialAction":[{"@type":"SearchAction","target":{"@type":"EntryPoint","urlTemplate":"https:\/\/retecsl.com\/?s={search_term_string}"},"query-input":{"@type":"PropertyValueSpecification","valueRequired":true,"valueName":"search_term_string"}}],"inLanguage":"ca"},{"@type":"Organization","@id":"https:\/\/retecsl.com\/#organization","name":"RETEC SL - Rectificadora Tecnica","url":"https:\/\/retecsl.com\/","logo":{"@type":"ImageObject","inLanguage":"ca","@id":"https:\/\/retecsl.com\/#\/schema\/logo\/image\/","url":"https:\/\/retecsl.com\/wp-content\/uploads\/2025\/04\/retec_logo.png","contentUrl":"https:\/\/retecsl.com\/wp-content\/uploads\/2025\/04\/retec_logo.png","width":400,"height":123,"caption":"RETEC SL - Rectificadora Tecnica"},"image":{"@id":"https:\/\/retecsl.com\/#\/schema\/logo\/image\/"}}]}},"_links":{"self":[{"href":"https:\/\/retecsl.com\/ca\/wp-json\/wp\/v2\/product\/1129","targetHints":{"allow":["GET"]}}],"collection":[{"href":"https:\/\/retecsl.com\/ca\/wp-json\/wp\/v2\/product"}],"about":[{"href":"https:\/\/retecsl.com\/ca\/wp-json\/wp\/v2\/types\/product"}],"version-history":[{"count":0,"href":"https:\/\/retecsl.com\/ca\/wp-json\/wp\/v2\/product\/1129\/revisions"}],"wp:featuredmedia":[{"embeddable":true,"href":"https:\/\/retecsl.com\/ca\/wp-json\/wp\/v2\/media\/779"}],"wp:attachment":[{"href":"https:\/\/retecsl.com\/ca\/wp-json\/wp\/v2\/media?parent=1129"}],"wp:term":[{"taxonomy":"product_brand","embeddable":true,"href":"https:\/\/retecsl.com\/ca\/wp-json\/wp\/v2\/product_brand?post=1129"},{"taxonomy":"product_cat","embeddable":true,"href":"https:\/\/retecsl.com\/ca\/wp-json\/wp\/v2\/product_cat?post=1129"},{"taxonomy":"product_tag","embeddable":true,"href":"https:\/\/retecsl.com\/ca\/wp-json\/wp\/v2\/product_tag?post=1129"}],"curies":[{"name":"wp","href":"https:\/\/api.w.org\/{rel}","templated":true}]}}