{"id":1138,"date":"2025-04-15T12:08:08","date_gmt":"2025-04-15T12:08:08","guid":{"rendered":"https:\/\/retecsl.com\/mapa-del-lloc\/"},"modified":"2025-04-15T12:08:08","modified_gmt":"2025-04-15T12:08:08","slug":"mapa-del-lloc","status":"publish","type":"page","link":"https:\/\/retecsl.com\/ca\/mapa-del-lloc\/","title":{"rendered":"Mapa del lloc"},"content":{"rendered":"<p>&nbsp;<\/p>\n<div class=\"wsp-container\"><h2 class=\"wsp-pages-title\">P\u00e0gines<\/h2>\n<ul class=\"wsp-pages-list\">\n<li class=\"page_item page-item-1065 menu-item\"><a href=\"https:\/\/retecsl.com\/ca\/avis-legal\/\" class=\"menu-link\">Av\u00eds legal<\/a><\/li>\n<li class=\"page_item page-item-1075 menu-item\"><a href=\"https:\/\/retecsl.com\/ca\/contacte\/\" class=\"menu-link\">Contacte<\/a><\/li>\n<li class=\"page_item page-item-1125 menu-item\"><a href=\"https:\/\/retecsl.com\/ca\/\" class=\"menu-link\">Inici<\/a><\/li>\n<li class=\"page_item page-item-1138 menu-item\"><a href=\"https:\/\/retecsl.com\/ca\/mapa-del-lloc\/\" class=\"menu-link\">Mapa del lloc<\/a><\/li>\n<li class=\"page_item page-item-1078 menu-item\"><a href=\"https:\/\/retecsl.com\/ca\/politica-de-cookies\/\" class=\"menu-link\">Pol\u00edtica de cookies<\/a><\/li>\n<li class=\"page_item page-item-1071 menu-item\"><a href=\"https:\/\/retecsl.com\/ca\/politica-de-privacitat\/\" class=\"menu-link\">Pol\u00edtica de privacitat<\/a><\/li>\n<li class=\"page_item page-item-1105 menu-item\"><a href=\"https:\/\/retecsl.com\/ca\/qui-som\/\" class=\"menu-link\">Qui som<\/a><\/li>\n<li class=\"page_item page-item-1107 menu-item\"><a href=\"https:\/\/retecsl.com\/ca\/recanvis\/\" class=\"menu-link\">Recanvis<\/a><\/li>\n<li class=\"page_item page-item-1091 page_item_has_children menu-item menu-item-has-children\"><a href=\"https:\/\/retecsl.com\/ca\/serveis\/\" class=\"menu-link\">Serveis<\/a>\n<ul class='children'>\n\t<li class=\"page_item page-item-1093 menu-item\"><a href=\"https:\/\/retecsl.com\/ca\/serveis\/catalitzadors-i-filtres-de-particules\/\" class=\"menu-link\">Catalitzadors i filtres de part\u00edcules<\/a><\/li>\n\t<li class=\"page_item page-item-1097 menu-item\"><a href=\"https:\/\/retecsl.com\/ca\/serveis\/rectificat-de-motors\/\" class=\"menu-link\">Rectificat de motors<\/a><\/li>\n\t<li class=\"page_item page-item-1101 menu-item\"><a href=\"https:\/\/retecsl.com\/ca\/serveis\/rectificats-de-motors-marins\/\" class=\"menu-link\">Rectificats de motors marins<\/a><\/li>\n<\/ul>\n<\/li>\n<\/ul>\n<h2 class=\"wsp-products-title\">Productes<\/h2>\n<ul class=\"wsp-products-list\">\n<li><a href=\"https:\/\/retecsl.com\/ca\/producto\/rep91508600\/\">REP91508600<\/a><\/li>\n<li><a href=\"https:\/\/retecsl.com\/ca\/producto\/reci1378980\/\">RECI1378980<\/a><\/li>\n<li><a href=\"https:\/\/retecsl.com\/ca\/producto\/reb6bta\/\">REB6BTA<\/a><\/li>\n<li><a href=\"https:\/\/retecsl.com\/ca\/producto\/rec908138\/\">REC908138<\/a><\/li>\n<\/ul>\n<h2 class=\"wsp-product_cats-title\">Categories de productes<\/h2>\n<ul class=\"wsp-product_cats-list\">\n<li><a href=\"https:\/\/retecsl.com\/ca\/productes\/classics\/\">Cl\u00e0ssics<\/a><\/li>\n<li><a href=\"https:\/\/retecsl.com\/ca\/productes\/industrials\/\">Industrials<\/a><\/li>\n<li><a href=\"https:\/\/retecsl.com\/ca\/productes\/nautics\/\">N\u00e0utics<\/a><\/li>\n<li><a href=\"https:\/\/retecsl.com\/ca\/productes\/turismes\/\">Turismes<\/a><\/li>\n<\/ul>\n<\/div>\n<p>&nbsp;<\/p>\n","protected":false},"excerpt":{"rendered":"<p>&nbsp; &nbsp;<\/p>\n","protected":false},"author":1,"featured_media":0,"parent":0,"menu_order":0,"comment_status":"closed","ping_status":"closed","template":"","meta":{"_monsterinsights_skip_tracking":false,"_monsterinsights_sitenote_active":false,"_monsterinsights_sitenote_note":"","_monsterinsights_sitenote_category":0,"site-sidebar-layout":"default","site-content-layout":"","ast-site-content-layout":"default","site-content-style":"default","site-sidebar-style":"default","ast-global-header-display":"","ast-banner-title-visibility":"","ast-main-header-display":"","ast-hfb-above-header-display":"","ast-hfb-below-header-display":"","ast-hfb-mobile-header-display":"","site-post-title":"","ast-breadcrumbs-content":"","ast-featured-img":"","footer-sml-layout":"","ast-disable-related-posts":"","theme-transparent-header-meta":"default","adv-header-id-meta":"1144","stick-header-meta":"default","header-above-stick-meta":"","header-main-stick-meta":"","header-below-stick-meta":"","astra-migrate-meta-layouts":"default","ast-page-background-enabled":"default","ast-page-background-meta":{"desktop":{"background-color":"var(--ast-global-color-4)","background-image":"","background-repeat":"repeat","background-position":"center center","background-size":"auto","background-attachment":"scroll","background-type":"","background-media":"","overlay-type":"","overlay-color":"","overlay-opacity":"","overlay-gradient":""},"tablet":{"background-color":"","background-image":"","background-repeat":"repeat","background-position":"center center","background-size":"auto","background-attachment":"scroll","background-type":"","background-media":"","overlay-type":"","overlay-color":"","overlay-opacity":"","overlay-gradient":""},"mobile":{"background-color":"","background-image":"","background-repeat":"repeat","background-position":"center center","background-size":"auto","background-attachment":"scroll","background-type":"","background-media":"","overlay-type":"","overlay-color":"","overlay-opacity":"","overlay-gradient":""}},"ast-content-background-meta":{"desktop":{"background-color":"var(--ast-global-color-5)","background-image":"","background-repeat":"repeat","background-position":"center center","background-size":"auto","background-attachment":"scroll","background-type":"","background-media":"","overlay-type":"","overlay-color":"","overlay-opacity":"","overlay-gradient":""},"tablet":{"background-color":"var(--ast-global-color-5)","background-image":"","background-repeat":"repeat","background-position":"center center","background-size":"auto","background-attachment":"scroll","background-type":"","background-media":"","overlay-type":"","overlay-color":"","overlay-opacity":"","overlay-gradient":""},"mobile":{"background-color":"var(--ast-global-color-5)","background-image":"","background-repeat":"repeat","background-position":"center center","background-size":"auto","background-attachment":"scroll","background-type":"","background-media":"","overlay-type":"","overlay-color":"","overlay-opacity":"","overlay-gradient":""}},"footnotes":""},"class_list":["post-1138","page","type-page","status-publish","hentry"],"yoast_head":"<!-- This site is optimized with the Yoast SEO plugin v27.5 - https:\/\/yoast.com\/product\/yoast-seo-wordpress\/ -->\n<title>Mapa del lloc - RETEC SL - Rectificadora Tecnica<\/title>\n<meta name=\"robots\" content=\"index, follow, max-snippet:-1, max-image-preview:large, max-video-preview:-1\" \/>\n<link rel=\"canonical\" href=\"https:\/\/retecsl.com\/mapa-del-lloc\/\" \/>\n<meta property=\"og:locale\" content=\"ca_ES\" \/>\n<meta property=\"og:type\" content=\"article\" \/>\n<meta property=\"og:title\" content=\"Mapa del lloc - RETEC SL - Rectificadora Tecnica\" \/>\n<meta property=\"og:description\" content=\"&nbsp; &nbsp;\" \/>\n<meta property=\"og:url\" content=\"https:\/\/retecsl.com\/mapa-del-lloc\/\" \/>\n<meta property=\"og:site_name\" content=\"RETEC SL - Rectificadora Tecnica\" \/>\n<meta property=\"og:image\" content=\"https:\/\/retecsl.com\/wp-content\/uploads\/2025\/04\/retec_logo-2.png\" \/>\n\t<meta property=\"og:image:width\" content=\"400\" \/>\n\t<meta property=\"og:image:height\" content=\"300\" \/>\n\t<meta property=\"og:image:type\" content=\"image\/png\" \/>\n<meta name=\"twitter:card\" content=\"summary_large_image\" \/>\n<script type=\"application\/ld+json\" class=\"yoast-schema-graph\">{\"@context\":\"https:\\\/\\\/schema.org\",\"@graph\":[{\"@type\":\"WebPage\",\"@id\":\"https:\\\/\\\/retecsl.com\\\/mapa-del-lloc\\\/\",\"url\":\"https:\\\/\\\/retecsl.com\\\/mapa-del-lloc\\\/\",\"name\":\"Mapa del lloc - RETEC SL - Rectificadora Tecnica\",\"isPartOf\":{\"@id\":\"https:\\\/\\\/retecsl.com\\\/#website\"},\"datePublished\":\"2025-04-15T12:08:08+00:00\",\"breadcrumb\":{\"@id\":\"https:\\\/\\\/retecsl.com\\\/mapa-del-lloc\\\/#breadcrumb\"},\"inLanguage\":\"ca\",\"potentialAction\":[{\"@type\":\"ReadAction\",\"target\":[\"https:\\\/\\\/retecsl.com\\\/mapa-del-lloc\\\/\"]}]},{\"@type\":\"BreadcrumbList\",\"@id\":\"https:\\\/\\\/retecsl.com\\\/mapa-del-lloc\\\/#breadcrumb\",\"itemListElement\":[{\"@type\":\"ListItem\",\"position\":1,\"name\":\"Portada\",\"item\":\"https:\\\/\\\/retecsl.com\\\/ca\\\/\"},{\"@type\":\"ListItem\",\"position\":2,\"name\":\"Mapa del lloc\"}]},{\"@type\":\"WebSite\",\"@id\":\"https:\\\/\\\/retecsl.com\\\/#website\",\"url\":\"https:\\\/\\\/retecsl.com\\\/\",\"name\":\"RETEC SL - Rectificadora Tecnica\",\"description\":\"Reparaci\u00f3n y reconstrucci\u00f3n de todo tipo de motores de explosi\u00f3n\",\"publisher\":{\"@id\":\"https:\\\/\\\/retecsl.com\\\/#organization\"},\"alternateName\":\"retecsl\",\"potentialAction\":[{\"@type\":\"SearchAction\",\"target\":{\"@type\":\"EntryPoint\",\"urlTemplate\":\"https:\\\/\\\/retecsl.com\\\/?s={search_term_string}\"},\"query-input\":{\"@type\":\"PropertyValueSpecification\",\"valueRequired\":true,\"valueName\":\"search_term_string\"}}],\"inLanguage\":\"ca\"},{\"@type\":\"Organization\",\"@id\":\"https:\\\/\\\/retecsl.com\\\/#organization\",\"name\":\"RETEC SL - Rectificadora Tecnica\",\"url\":\"https:\\\/\\\/retecsl.com\\\/\",\"logo\":{\"@type\":\"ImageObject\",\"inLanguage\":\"ca\",\"@id\":\"https:\\\/\\\/retecsl.com\\\/#\\\/schema\\\/logo\\\/image\\\/\",\"url\":\"https:\\\/\\\/retecsl.com\\\/wp-content\\\/uploads\\\/2025\\\/04\\\/retec_logo.png\",\"contentUrl\":\"https:\\\/\\\/retecsl.com\\\/wp-content\\\/uploads\\\/2025\\\/04\\\/retec_logo.png\",\"width\":400,\"height\":123,\"caption\":\"RETEC SL - Rectificadora Tecnica\"},\"image\":{\"@id\":\"https:\\\/\\\/retecsl.com\\\/#\\\/schema\\\/logo\\\/image\\\/\"}}]}<\/script>\n<!-- \/ Yoast SEO plugin. -->","yoast_head_json":{"title":"Mapa del lloc - RETEC SL - Rectificadora Tecnica","robots":{"index":"index","follow":"follow","max-snippet":"max-snippet:-1","max-image-preview":"max-image-preview:large","max-video-preview":"max-video-preview:-1"},"canonical":"https:\/\/retecsl.com\/mapa-del-lloc\/","og_locale":"ca_ES","og_type":"article","og_title":"Mapa del lloc - RETEC SL - Rectificadora Tecnica","og_description":"&nbsp; &nbsp;","og_url":"https:\/\/retecsl.com\/mapa-del-lloc\/","og_site_name":"RETEC SL - Rectificadora Tecnica","og_image":[{"width":400,"height":300,"url":"https:\/\/retecsl.com\/wp-content\/uploads\/2025\/04\/retec_logo-2.png","type":"image\/png"}],"twitter_card":"summary_large_image","schema":{"@context":"https:\/\/schema.org","@graph":[{"@type":"WebPage","@id":"https:\/\/retecsl.com\/mapa-del-lloc\/","url":"https:\/\/retecsl.com\/mapa-del-lloc\/","name":"Mapa del lloc - RETEC SL - Rectificadora Tecnica","isPartOf":{"@id":"https:\/\/retecsl.com\/#website"},"datePublished":"2025-04-15T12:08:08+00:00","breadcrumb":{"@id":"https:\/\/retecsl.com\/mapa-del-lloc\/#breadcrumb"},"inLanguage":"ca","potentialAction":[{"@type":"ReadAction","target":["https:\/\/retecsl.com\/mapa-del-lloc\/"]}]},{"@type":"BreadcrumbList","@id":"https:\/\/retecsl.com\/mapa-del-lloc\/#breadcrumb","itemListElement":[{"@type":"ListItem","position":1,"name":"Portada","item":"https:\/\/retecsl.com\/ca\/"},{"@type":"ListItem","position":2,"name":"Mapa del lloc"}]},{"@type":"WebSite","@id":"https:\/\/retecsl.com\/#website","url":"https:\/\/retecsl.com\/","name":"RETEC SL - Rectificadora Tecnica","description":"Reparaci\u00f3n y reconstrucci\u00f3n de todo tipo de motores de explosi\u00f3n","publisher":{"@id":"https:\/\/retecsl.com\/#organization"},"alternateName":"retecsl","potentialAction":[{"@type":"SearchAction","target":{"@type":"EntryPoint","urlTemplate":"https:\/\/retecsl.com\/?s={search_term_string}"},"query-input":{"@type":"PropertyValueSpecification","valueRequired":true,"valueName":"search_term_string"}}],"inLanguage":"ca"},{"@type":"Organization","@id":"https:\/\/retecsl.com\/#organization","name":"RETEC SL - Rectificadora Tecnica","url":"https:\/\/retecsl.com\/","logo":{"@type":"ImageObject","inLanguage":"ca","@id":"https:\/\/retecsl.com\/#\/schema\/logo\/image\/","url":"https:\/\/retecsl.com\/wp-content\/uploads\/2025\/04\/retec_logo.png","contentUrl":"https:\/\/retecsl.com\/wp-content\/uploads\/2025\/04\/retec_logo.png","width":400,"height":123,"caption":"RETEC SL - Rectificadora Tecnica"},"image":{"@id":"https:\/\/retecsl.com\/#\/schema\/logo\/image\/"}}]}},"_links":{"self":[{"href":"https:\/\/retecsl.com\/ca\/wp-json\/wp\/v2\/pages\/1138","targetHints":{"allow":["GET"]}}],"collection":[{"href":"https:\/\/retecsl.com\/ca\/wp-json\/wp\/v2\/pages"}],"about":[{"href":"https:\/\/retecsl.com\/ca\/wp-json\/wp\/v2\/types\/page"}],"author":[{"embeddable":true,"href":"https:\/\/retecsl.com\/ca\/wp-json\/wp\/v2\/users\/1"}],"replies":[{"embeddable":true,"href":"https:\/\/retecsl.com\/ca\/wp-json\/wp\/v2\/comments?post=1138"}],"version-history":[{"count":0,"href":"https:\/\/retecsl.com\/ca\/wp-json\/wp\/v2\/pages\/1138\/revisions"}],"wp:attachment":[{"href":"https:\/\/retecsl.com\/ca\/wp-json\/wp\/v2\/media?parent=1138"}],"curies":[{"name":"wp","href":"https:\/\/api.w.org\/{rel}","templated":true}]}}