{"id":1105,"date":"2024-08-01T14:51:28","date_gmt":"2024-08-01T14:51:28","guid":{"rendered":"https:\/\/retecsl.com\/qui-som\/"},"modified":"2025-04-15T11:13:52","modified_gmt":"2025-04-15T11:13:52","slug":"qui-som","status":"publish","type":"page","link":"https:\/\/retecsl.com\/ca\/qui-som\/","title":{"rendered":"Qui som"},"content":{"rendered":"\t\t<div data-elementor-type=\"wp-page\" data-elementor-id=\"1105\" class=\"elementor elementor-1105 elementor-132\" data-elementor-post-type=\"page\">\n\t\t\t\t\t\t<section class=\"elementor-section elementor-top-section elementor-element elementor-element-78e96af elementor-section-boxed elementor-section-height-default elementor-section-height-default\" data-id=\"78e96af\" data-element_type=\"section\" data-e-type=\"section\">\n\t\t\t\t\t\t<div class=\"elementor-container elementor-column-gap-extended\">\n\t\t\t\t\t<div class=\"elementor-column elementor-col-100 elementor-top-column elementor-element elementor-element-09c9662\" data-id=\"09c9662\" data-element_type=\"column\" data-e-type=\"column\">\n\t\t\t<div class=\"elementor-widget-wrap elementor-element-populated\">\n\t\t\t\t\t\t<div class=\"elementor-element elementor-element-f65e984 elementor-widget elementor-widget-text-editor\" data-id=\"f65e984\" data-element_type=\"widget\" data-e-type=\"widget\" data-widget_type=\"text-editor.default\">\n\t\t\t\t<div class=\"elementor-widget-container\">\n\t\t\t\t\t\t\t\t\t<p>L&#8217;empresa Rectificadora T\u00e8cnica S.L. (RETEC), situada a Vila-Sacra. Va comen\u00e7ar la seva activitat l&#8217;any 1989. La seva activitat principal \u00e9s la reparaci\u00f3 i la reconstrucci\u00f3 de tot tipus de motors d&#8217;explosi\u00f3 de vehicles industrials, agr\u00edcoles, transport, obra p\u00fablica, turismes, sector n\u00e0utic, pesca i esportiu, etc. Tamb\u00e9 a la venda de tots els components.   <\/p><p>Des de l&#8217;any 2015 tamb\u00e9 oferim el nostre servei de neteja i reparaci\u00f3 de catalitzadors i filtres de part\u00edcules. Per a tot tipus de vehicles, tant de vehicle lleuger, camions, autobusos, maquin\u00e0ria agr\u00edcola, motors marins, obra p\u00fablica\u2026 <\/p>\t\t\t\t\t\t\t\t<\/div>\n\t\t\t\t<\/div>\n\t\t\t\t\t<\/div>\n\t\t<\/div>\n\t\t\t\t\t<\/div>\n\t\t<\/section>\n\t\t\t\t<section class=\"elementor-section elementor-top-section elementor-element elementor-element-82f0040 elementor-section-boxed elementor-section-height-default elementor-section-height-default\" data-id=\"82f0040\" data-element_type=\"section\" data-e-type=\"section\">\n\t\t\t\t\t\t<div class=\"elementor-container elementor-column-gap-extended\">\n\t\t\t\t\t<div class=\"elementor-column elementor-col-50 elementor-top-column elementor-element elementor-element-35c56af\" data-id=\"35c56af\" data-element_type=\"column\" data-e-type=\"column\">\n\t\t\t<div class=\"elementor-widget-wrap elementor-element-populated\">\n\t\t\t\t\t\t<div class=\"elementor-element elementor-element-fc28ebd elementor-widget elementor-widget-image\" data-id=\"fc28ebd\" data-element_type=\"widget\" data-e-type=\"widget\" data-widget_type=\"image.default\">\n\t\t\t\t<div class=\"elementor-widget-container\">\n\t\t\t\t\t\t\t\t\t\t\t\t\t\t\t<img fetchpriority=\"high\" decoding=\"async\" width=\"1024\" height=\"820\" src=\"https:\/\/retecsl.com\/wp-content\/uploads\/2025\/04\/Retec-10-1024x820.jpg\" class=\"attachment-large size-large wp-image-929\" alt=\"Rectificadora T\u00e9cnica S.L\" srcset=\"https:\/\/retecsl.com\/wp-content\/uploads\/2025\/04\/Retec-10-1024x820.jpg 1024w, https:\/\/retecsl.com\/wp-content\/uploads\/2025\/04\/Retec-10-300x240.jpg 300w, https:\/\/retecsl.com\/wp-content\/uploads\/2025\/04\/Retec-10-768x615.jpg 768w, https:\/\/retecsl.com\/wp-content\/uploads\/2025\/04\/Retec-10-600x481.jpg 600w, https:\/\/retecsl.com\/wp-content\/uploads\/2025\/04\/Retec-10.jpg 1200w\" sizes=\"(max-width: 1024px) 100vw, 1024px\" \/>\t\t\t\t\t\t\t\t\t\t\t\t\t\t\t<\/div>\n\t\t\t\t<\/div>\n\t\t\t\t\t<\/div>\n\t\t<\/div>\n\t\t\t\t<div class=\"elementor-column elementor-col-50 elementor-top-column elementor-element elementor-element-0e66811\" data-id=\"0e66811\" data-element_type=\"column\" data-e-type=\"column\">\n\t\t\t<div class=\"elementor-widget-wrap elementor-element-populated\">\n\t\t\t\t\t\t<div class=\"elementor-element elementor-element-f67768f elementor-widget elementor-widget-image\" data-id=\"f67768f\" data-element_type=\"widget\" data-e-type=\"widget\" data-widget_type=\"image.default\">\n\t\t\t\t<div class=\"elementor-widget-container\">\n\t\t\t\t\t\t\t\t\t\t\t\t\t\t\t<img decoding=\"async\" width=\"1024\" height=\"820\" src=\"https:\/\/retecsl.com\/wp-content\/uploads\/2024\/08\/Retec-04-1024x820.jpg\" class=\"attachment-large size-large wp-image-492\" alt=\"Rectificadora T\u00e9cnica S.L. (Retec)\" srcset=\"https:\/\/retecsl.com\/wp-content\/uploads\/2024\/08\/Retec-04-1024x820.jpg 1024w, https:\/\/retecsl.com\/wp-content\/uploads\/2024\/08\/Retec-04-300x240.jpg 300w, https:\/\/retecsl.com\/wp-content\/uploads\/2024\/08\/Retec-04-768x615.jpg 768w, https:\/\/retecsl.com\/wp-content\/uploads\/2024\/08\/Retec-04-600x480.jpg 600w, https:\/\/retecsl.com\/wp-content\/uploads\/2024\/08\/Retec-04.jpg 1279w\" sizes=\"(max-width: 1024px) 100vw, 1024px\" \/>\t\t\t\t\t\t\t\t\t\t\t\t\t\t\t<\/div>\n\t\t\t\t<\/div>\n\t\t\t\t\t<\/div>\n\t\t<\/div>\n\t\t\t\t\t<\/div>\n\t\t<\/section>\n\t\t\t\t<\/div>\n\t\t","protected":false},"excerpt":{"rendered":"<p>L&#8217;empresa Rectificadora T\u00e8cnica S.L. (RETEC), situada a Vila-Sacra. Va comen\u00e7ar la seva activitat l&#8217;any 1989. La seva activitat principal \u00e9s la reparaci\u00f3 i la reconstrucci\u00f3 de tot tipus de motors d&#8217;explosi\u00f3 de vehicles industrials, agr\u00edcoles, transport, obra p\u00fablica, turismes, sector n\u00e0utic, pesca i esportiu, etc. Tamb\u00e9 a la venda de tots els components. Des de [&hellip;]<\/p>\n","protected":false},"author":1,"featured_media":0,"parent":0,"menu_order":0,"comment_status":"closed","ping_status":"closed","template":"","meta":{"_monsterinsights_skip_tracking":false,"_monsterinsights_sitenote_active":false,"_monsterinsights_sitenote_note":"","_monsterinsights_sitenote_category":0,"site-sidebar-layout":"no-sidebar","site-content-layout":"page-builder","ast-site-content-layout":"full-width-container","site-content-style":"default","site-sidebar-style":"default","ast-global-header-display":"","ast-banner-title-visibility":"","ast-main-header-display":"","ast-hfb-above-header-display":"","ast-hfb-below-header-display":"","ast-hfb-mobile-header-display":"","site-post-title":"disabled","ast-breadcrumbs-content":"","ast-featured-img":"disabled","footer-sml-layout":"","ast-disable-related-posts":"","theme-transparent-header-meta":"default","adv-header-id-meta":"448","stick-header-meta":"default","header-above-stick-meta":"","header-main-stick-meta":"","header-below-stick-meta":"","astra-migrate-meta-layouts":"default","ast-page-background-enabled":"default","ast-page-background-meta":{"desktop":{"background-color":"var(--ast-global-color-4)","background-image":"","background-repeat":"repeat","background-position":"center center","background-size":"auto","background-attachment":"scroll","background-type":"","background-media":"","overlay-type":"","overlay-color":"","overlay-opacity":"","overlay-gradient":""},"tablet":{"background-color":"","background-image":"","background-repeat":"repeat","background-position":"center center","background-size":"auto","background-attachment":"scroll","background-type":"","background-media":"","overlay-type":"","overlay-color":"","overlay-opacity":"","overlay-gradient":""},"mobile":{"background-color":"","background-image":"","background-repeat":"repeat","background-position":"center center","background-size":"auto","background-attachment":"scroll","background-type":"","background-media":"","overlay-type":"","overlay-color":"","overlay-opacity":"","overlay-gradient":""}},"ast-content-background-meta":{"desktop":{"background-color":"var(--ast-global-color-5)","background-image":"","background-repeat":"repeat","background-position":"center center","background-size":"auto","background-attachment":"scroll","background-type":"","background-media":"","overlay-type":"","overlay-color":"","overlay-opacity":"","overlay-gradient":""},"tablet":{"background-color":"var(--ast-global-color-5)","background-image":"","background-repeat":"repeat","background-position":"center center","background-size":"auto","background-attachment":"scroll","background-type":"","background-media":"","overlay-type":"","overlay-color":"","overlay-opacity":"","overlay-gradient":""},"mobile":{"background-color":"var(--ast-global-color-5)","background-image":"","background-repeat":"repeat","background-position":"center center","background-size":"auto","background-attachment":"scroll","background-type":"","background-media":"","overlay-type":"","overlay-color":"","overlay-opacity":"","overlay-gradient":""}},"footnotes":""},"class_list":["post-1105","page","type-page","status-publish","hentry"],"yoast_head":"<!-- This site is optimized with the Yoast SEO plugin v27.5 - https:\/\/yoast.com\/product\/yoast-seo-wordpress\/ -->\n<title>Qui som - RETEC SL - Rectificadora Tecnica<\/title>\n<meta name=\"robots\" content=\"index, follow, max-snippet:-1, max-image-preview:large, max-video-preview:-1\" \/>\n<link rel=\"canonical\" href=\"https:\/\/retecsl.com\/ca\/qui-som\/\" \/>\n<meta property=\"og:locale\" content=\"ca_ES\" \/>\n<meta property=\"og:type\" content=\"article\" \/>\n<meta property=\"og:title\" content=\"Qui som - RETEC SL - Rectificadora Tecnica\" \/>\n<meta property=\"og:description\" content=\"L&#8217;empresa Rectificadora T\u00e8cnica S.L. (RETEC), situada a Vila-Sacra. Va comen\u00e7ar la seva activitat l&#8217;any 1989. La seva activitat principal \u00e9s la reparaci\u00f3 i la reconstrucci\u00f3 de tot tipus de motors d&#8217;explosi\u00f3 de vehicles industrials, agr\u00edcoles, transport, obra p\u00fablica, turismes, sector n\u00e0utic, pesca i esportiu, etc. Tamb\u00e9 a la venda de tots els components. Des de [&hellip;]\" \/>\n<meta property=\"og:url\" content=\"https:\/\/retecsl.com\/ca\/qui-som\/\" \/>\n<meta property=\"og:site_name\" content=\"RETEC SL - Rectificadora Tecnica\" \/>\n<meta property=\"article:modified_time\" content=\"2025-04-15T11:13:52+00:00\" \/>\n<meta property=\"og:image\" content=\"https:\/\/retecsl.com\/wp-content\/uploads\/2025\/04\/Retec-10.jpg\" \/>\n\t<meta property=\"og:image:width\" content=\"1200\" \/>\n\t<meta property=\"og:image:height\" content=\"961\" \/>\n\t<meta property=\"og:image:type\" content=\"image\/jpeg\" \/>\n<meta name=\"twitter:card\" content=\"summary_large_image\" \/>\n<script type=\"application\/ld+json\" class=\"yoast-schema-graph\">{\"@context\":\"https:\\\/\\\/schema.org\",\"@graph\":[{\"@type\":\"WebPage\",\"@id\":\"https:\\\/\\\/retecsl.com\\\/ca\\\/qui-som\\\/\",\"url\":\"https:\\\/\\\/retecsl.com\\\/ca\\\/qui-som\\\/\",\"name\":\"Qui som - RETEC SL - Rectificadora Tecnica\",\"isPartOf\":{\"@id\":\"https:\\\/\\\/retecsl.com\\\/#website\"},\"primaryImageOfPage\":{\"@id\":\"https:\\\/\\\/retecsl.com\\\/ca\\\/qui-som\\\/#primaryimage\"},\"image\":{\"@id\":\"https:\\\/\\\/retecsl.com\\\/ca\\\/qui-som\\\/#primaryimage\"},\"thumbnailUrl\":\"https:\\\/\\\/retecsl.com\\\/wp-content\\\/uploads\\\/2025\\\/04\\\/Retec-10-1024x820.jpg\",\"datePublished\":\"2024-08-01T14:51:28+00:00\",\"dateModified\":\"2025-04-15T11:13:52+00:00\",\"breadcrumb\":{\"@id\":\"https:\\\/\\\/retecsl.com\\\/ca\\\/qui-som\\\/#breadcrumb\"},\"inLanguage\":\"ca\",\"potentialAction\":[{\"@type\":\"ReadAction\",\"target\":[\"https:\\\/\\\/retecsl.com\\\/ca\\\/qui-som\\\/\"]}]},{\"@type\":\"ImageObject\",\"inLanguage\":\"ca\",\"@id\":\"https:\\\/\\\/retecsl.com\\\/ca\\\/qui-som\\\/#primaryimage\",\"url\":\"https:\\\/\\\/retecsl.com\\\/wp-content\\\/uploads\\\/2025\\\/04\\\/Retec-10-1024x820.jpg\",\"contentUrl\":\"https:\\\/\\\/retecsl.com\\\/wp-content\\\/uploads\\\/2025\\\/04\\\/Retec-10-1024x820.jpg\"},{\"@type\":\"BreadcrumbList\",\"@id\":\"https:\\\/\\\/retecsl.com\\\/ca\\\/qui-som\\\/#breadcrumb\",\"itemListElement\":[{\"@type\":\"ListItem\",\"position\":1,\"name\":\"Portada\",\"item\":\"https:\\\/\\\/retecsl.com\\\/ca\\\/\"},{\"@type\":\"ListItem\",\"position\":2,\"name\":\"Qui som\"}]},{\"@type\":\"WebSite\",\"@id\":\"https:\\\/\\\/retecsl.com\\\/#website\",\"url\":\"https:\\\/\\\/retecsl.com\\\/\",\"name\":\"RETEC SL - Rectificadora Tecnica\",\"description\":\"Reparaci\u00f3n y reconstrucci\u00f3n de todo tipo de motores de explosi\u00f3n\",\"publisher\":{\"@id\":\"https:\\\/\\\/retecsl.com\\\/#organization\"},\"alternateName\":\"retecsl\",\"potentialAction\":[{\"@type\":\"SearchAction\",\"target\":{\"@type\":\"EntryPoint\",\"urlTemplate\":\"https:\\\/\\\/retecsl.com\\\/?s={search_term_string}\"},\"query-input\":{\"@type\":\"PropertyValueSpecification\",\"valueRequired\":true,\"valueName\":\"search_term_string\"}}],\"inLanguage\":\"ca\"},{\"@type\":\"Organization\",\"@id\":\"https:\\\/\\\/retecsl.com\\\/#organization\",\"name\":\"RETEC SL - Rectificadora Tecnica\",\"url\":\"https:\\\/\\\/retecsl.com\\\/\",\"logo\":{\"@type\":\"ImageObject\",\"inLanguage\":\"ca\",\"@id\":\"https:\\\/\\\/retecsl.com\\\/#\\\/schema\\\/logo\\\/image\\\/\",\"url\":\"https:\\\/\\\/retecsl.com\\\/wp-content\\\/uploads\\\/2025\\\/04\\\/retec_logo.png\",\"contentUrl\":\"https:\\\/\\\/retecsl.com\\\/wp-content\\\/uploads\\\/2025\\\/04\\\/retec_logo.png\",\"width\":400,\"height\":123,\"caption\":\"RETEC SL - Rectificadora Tecnica\"},\"image\":{\"@id\":\"https:\\\/\\\/retecsl.com\\\/#\\\/schema\\\/logo\\\/image\\\/\"}}]}<\/script>\n<!-- \/ Yoast SEO plugin. -->","yoast_head_json":{"title":"Qui som - RETEC SL - Rectificadora Tecnica","robots":{"index":"index","follow":"follow","max-snippet":"max-snippet:-1","max-image-preview":"max-image-preview:large","max-video-preview":"max-video-preview:-1"},"canonical":"https:\/\/retecsl.com\/ca\/qui-som\/","og_locale":"ca_ES","og_type":"article","og_title":"Qui som - RETEC SL - Rectificadora Tecnica","og_description":"L&#8217;empresa Rectificadora T\u00e8cnica S.L. (RETEC), situada a Vila-Sacra. Va comen\u00e7ar la seva activitat l&#8217;any 1989. La seva activitat principal \u00e9s la reparaci\u00f3 i la reconstrucci\u00f3 de tot tipus de motors d&#8217;explosi\u00f3 de vehicles industrials, agr\u00edcoles, transport, obra p\u00fablica, turismes, sector n\u00e0utic, pesca i esportiu, etc. Tamb\u00e9 a la venda de tots els components. Des de [&hellip;]","og_url":"https:\/\/retecsl.com\/ca\/qui-som\/","og_site_name":"RETEC SL - Rectificadora Tecnica","article_modified_time":"2025-04-15T11:13:52+00:00","og_image":[{"width":1200,"height":961,"url":"https:\/\/retecsl.com\/wp-content\/uploads\/2025\/04\/Retec-10.jpg","type":"image\/jpeg"}],"twitter_card":"summary_large_image","schema":{"@context":"https:\/\/schema.org","@graph":[{"@type":"WebPage","@id":"https:\/\/retecsl.com\/ca\/qui-som\/","url":"https:\/\/retecsl.com\/ca\/qui-som\/","name":"Qui som - RETEC SL - Rectificadora Tecnica","isPartOf":{"@id":"https:\/\/retecsl.com\/#website"},"primaryImageOfPage":{"@id":"https:\/\/retecsl.com\/ca\/qui-som\/#primaryimage"},"image":{"@id":"https:\/\/retecsl.com\/ca\/qui-som\/#primaryimage"},"thumbnailUrl":"https:\/\/retecsl.com\/wp-content\/uploads\/2025\/04\/Retec-10-1024x820.jpg","datePublished":"2024-08-01T14:51:28+00:00","dateModified":"2025-04-15T11:13:52+00:00","breadcrumb":{"@id":"https:\/\/retecsl.com\/ca\/qui-som\/#breadcrumb"},"inLanguage":"ca","potentialAction":[{"@type":"ReadAction","target":["https:\/\/retecsl.com\/ca\/qui-som\/"]}]},{"@type":"ImageObject","inLanguage":"ca","@id":"https:\/\/retecsl.com\/ca\/qui-som\/#primaryimage","url":"https:\/\/retecsl.com\/wp-content\/uploads\/2025\/04\/Retec-10-1024x820.jpg","contentUrl":"https:\/\/retecsl.com\/wp-content\/uploads\/2025\/04\/Retec-10-1024x820.jpg"},{"@type":"BreadcrumbList","@id":"https:\/\/retecsl.com\/ca\/qui-som\/#breadcrumb","itemListElement":[{"@type":"ListItem","position":1,"name":"Portada","item":"https:\/\/retecsl.com\/ca\/"},{"@type":"ListItem","position":2,"name":"Qui som"}]},{"@type":"WebSite","@id":"https:\/\/retecsl.com\/#website","url":"https:\/\/retecsl.com\/","name":"RETEC SL - Rectificadora Tecnica","description":"Reparaci\u00f3n y reconstrucci\u00f3n de todo tipo de motores de explosi\u00f3n","publisher":{"@id":"https:\/\/retecsl.com\/#organization"},"alternateName":"retecsl","potentialAction":[{"@type":"SearchAction","target":{"@type":"EntryPoint","urlTemplate":"https:\/\/retecsl.com\/?s={search_term_string}"},"query-input":{"@type":"PropertyValueSpecification","valueRequired":true,"valueName":"search_term_string"}}],"inLanguage":"ca"},{"@type":"Organization","@id":"https:\/\/retecsl.com\/#organization","name":"RETEC SL - Rectificadora Tecnica","url":"https:\/\/retecsl.com\/","logo":{"@type":"ImageObject","inLanguage":"ca","@id":"https:\/\/retecsl.com\/#\/schema\/logo\/image\/","url":"https:\/\/retecsl.com\/wp-content\/uploads\/2025\/04\/retec_logo.png","contentUrl":"https:\/\/retecsl.com\/wp-content\/uploads\/2025\/04\/retec_logo.png","width":400,"height":123,"caption":"RETEC SL - Rectificadora Tecnica"},"image":{"@id":"https:\/\/retecsl.com\/#\/schema\/logo\/image\/"}}]}},"_links":{"self":[{"href":"https:\/\/retecsl.com\/ca\/wp-json\/wp\/v2\/pages\/1105","targetHints":{"allow":["GET"]}}],"collection":[{"href":"https:\/\/retecsl.com\/ca\/wp-json\/wp\/v2\/pages"}],"about":[{"href":"https:\/\/retecsl.com\/ca\/wp-json\/wp\/v2\/types\/page"}],"author":[{"embeddable":true,"href":"https:\/\/retecsl.com\/ca\/wp-json\/wp\/v2\/users\/1"}],"replies":[{"embeddable":true,"href":"https:\/\/retecsl.com\/ca\/wp-json\/wp\/v2\/comments?post=1105"}],"version-history":[{"count":1,"href":"https:\/\/retecsl.com\/ca\/wp-json\/wp\/v2\/pages\/1105\/revisions"}],"predecessor-version":[{"id":1106,"href":"https:\/\/retecsl.com\/ca\/wp-json\/wp\/v2\/pages\/1105\/revisions\/1106"}],"wp:attachment":[{"href":"https:\/\/retecsl.com\/ca\/wp-json\/wp\/v2\/media?parent=1105"}],"curies":[{"name":"wp","href":"https:\/\/api.w.org\/{rel}","templated":true}]}}