{"id":1101,"date":"2025-04-14T13:59:41","date_gmt":"2025-04-14T13:59:41","guid":{"rendered":"https:\/\/retecsl.com\/serveis\/rectificats-de-motors-marins\/"},"modified":"2025-04-15T11:13:11","modified_gmt":"2025-04-15T11:13:11","slug":"rectificats-de-motors-marins","status":"publish","type":"page","link":"https:\/\/retecsl.com\/ca\/serveis\/rectificats-de-motors-marins\/","title":{"rendered":"Rectificats de motors marins"},"content":{"rendered":"\t\t<div data-elementor-type=\"wp-page\" data-elementor-id=\"1101\" class=\"elementor elementor-1101 elementor-976\" data-elementor-post-type=\"page\">\n\t\t\t\t\t\t<section class=\"elementor-section elementor-top-section elementor-element elementor-element-7e5c4f3c elementor-section-boxed elementor-section-height-default elementor-section-height-default\" data-id=\"7e5c4f3c\" data-element_type=\"section\" data-e-type=\"section\">\n\t\t\t\t\t\t<div class=\"elementor-container elementor-column-gap-wide\">\n\t\t\t\t\t<div class=\"elementor-column elementor-col-50 elementor-top-column elementor-element elementor-element-1e7a7b1f\" data-id=\"1e7a7b1f\" data-element_type=\"column\" data-e-type=\"column\">\n\t\t\t<div class=\"elementor-widget-wrap elementor-element-populated\">\n\t\t\t\t\t\t<div class=\"elementor-element elementor-element-e1c5794 elementor-widget elementor-widget-heading\" data-id=\"e1c5794\" data-element_type=\"widget\" data-e-type=\"widget\" data-widget_type=\"heading.default\">\n\t\t\t\t<div class=\"elementor-widget-container\">\n\t\t\t\t\t<h2 class=\"elementor-heading-title elementor-size-default\">Rectificat de motors marins: especialistes en reparaci\u00f3 n\u00e0utica<\/h2>\t\t\t\t<\/div>\n\t\t\t\t<\/div>\n\t\t\t\t<div class=\"elementor-element elementor-element-2531cd08 elementor-widget elementor-widget-text-editor\" data-id=\"2531cd08\" data-element_type=\"widget\" data-e-type=\"widget\" data-widget_type=\"text-editor.default\">\n\t\t\t\t<div class=\"elementor-widget-container\">\n\t\t\t\t\t\t\t\t\t<p>A <strong>RETEC SL \u2013 Rectificadora T\u00e8cnica<\/strong>, som especialistes en el rectificat i reconstrucci\u00f3 de motors marins, tant pel sector n\u00e0utic professional com recreatiu. Comptem amb m\u00e9s de 35 anys d&#8217;experi\u00e8ncia al sector de la mec\u00e0nica, cosa que ens avala com un referent en la reparaci\u00f3 de motors n\u00e0utics a <strong>Girona i l&#8217;Alt Empord\u00e0<\/strong>.<\/p><p>A m\u00e9s, treballem amb motors <strong>Volvo <\/strong>i <strong>Mercruiser <\/strong>amb base <strong>General Motors<\/strong>, que actualment es munten amb sistemes de catalitzaci\u00f3 marina.<\/p><p>Tamb\u00e9 oferim la reparaci\u00f3 d&#8217;aquests catalitzadors marins, permetent mantenir-ne l&#8217;efici\u00e8ncia sense necessitat de substituir-los per peces noves.<\/p><p><strong>Treballem amb tot tipus de motors marins de benzina i di\u00e8sel, i oferim un servei integral que inclou:<\/strong><\/p><ul><li>Rectificat complet del motor mar\u00ed<\/li><li>Reconstrucci\u00f3 de motors n\u00e0utics<\/li><li>Reparaci\u00f3 de intercoolers<\/li><li>Reparaci\u00f3 de refrigeradors d&#8217;oli i aigua<\/li><li>Diagn\u00f2stic i reparaci\u00f3 de catalitzadors marins<\/li><\/ul>\t\t\t\t\t\t\t\t<\/div>\n\t\t\t\t<\/div>\n\t\t\t\t\t<\/div>\n\t\t<\/div>\n\t\t\t\t<div class=\"elementor-column elementor-col-50 elementor-top-column elementor-element elementor-element-319e9c73\" data-id=\"319e9c73\" data-element_type=\"column\" data-e-type=\"column\">\n\t\t\t<div class=\"elementor-widget-wrap elementor-element-populated\">\n\t\t\t\t\t\t<div class=\"elementor-element elementor-element-29d06985 elementor-widget elementor-widget-image\" data-id=\"29d06985\" data-element_type=\"widget\" data-e-type=\"widget\" data-widget_type=\"image.default\">\n\t\t\t\t<div class=\"elementor-widget-container\">\n\t\t\t\t\t\t\t\t\t\t\t\t\t\t\t<img fetchpriority=\"high\" decoding=\"async\" width=\"721\" height=\"470\" src=\"https:\/\/retecsl.com\/wp-content\/uploads\/2024\/08\/motor-02.jpg\" class=\"attachment-large size-large wp-image-237\" alt=\"Motores marinos\" srcset=\"https:\/\/retecsl.com\/wp-content\/uploads\/2024\/08\/motor-02.jpg 721w, https:\/\/retecsl.com\/wp-content\/uploads\/2024\/08\/motor-02-600x391.jpg 600w, https:\/\/retecsl.com\/wp-content\/uploads\/2024\/08\/motor-02-300x196.jpg 300w\" sizes=\"(max-width: 721px) 100vw, 721px\" \/>\t\t\t\t\t\t\t\t\t\t\t\t\t\t\t<\/div>\n\t\t\t\t<\/div>\n\t\t\t\t<div class=\"elementor-element elementor-element-66f95e5 elementor-widget elementor-widget-text-editor\" data-id=\"66f95e5\" data-element_type=\"widget\" data-e-type=\"widget\" data-widget_type=\"text-editor.default\">\n\t\t\t\t<div class=\"elementor-widget-container\">\n\t\t\t\t\t\t\t\t\t<p>Ens adaptem a les necessitats de cada client, utilitzant eines de precisi\u00f3 i recanvis de qualitat garantida per assegurar el m\u00e0xim rendiment i fiabilitat de cada motor.<\/p><p>Si busques un servei de reparaci\u00f3 de motors d&#8217;embarcacions marines fiable, prec\u00eds i amb atenci\u00f3 personalitzada, no dubtis a <a href=\"https:\/\/retecsl.com\/ca\/contacte\/\">posar-te en contacte <\/a>amb el nostre equip t\u00e8cnic.<\/p>\t\t\t\t\t\t\t\t<\/div>\n\t\t\t\t<\/div>\n\t\t\t\t\t<\/div>\n\t\t<\/div>\n\t\t\t\t\t<\/div>\n\t\t<\/section>\n\t\t\t\t<section class=\"elementor-section elementor-top-section elementor-element elementor-element-282cb6ba elementor-section-boxed elementor-section-height-default elementor-section-height-default\" data-id=\"282cb6ba\" data-element_type=\"section\" data-e-type=\"section\">\n\t\t\t\t\t\t<div class=\"elementor-container elementor-column-gap-extended\">\n\t\t\t\t\t<div class=\"elementor-column elementor-col-100 elementor-top-column elementor-element elementor-element-43fbb29c\" data-id=\"43fbb29c\" data-element_type=\"column\" data-e-type=\"column\">\n\t\t\t<div class=\"elementor-widget-wrap elementor-element-populated\">\n\t\t\t\t\t\t<div class=\"elementor-element elementor-element-2aacc757 elementor-widget elementor-widget-text-editor\" data-id=\"2aacc757\" data-element_type=\"widget\" data-e-type=\"widget\" data-widget_type=\"text-editor.default\">\n\t\t\t\t<div class=\"elementor-widget-container\">\n\t\t\t\t\t\t\t\t\t<p>I RECORDA! En aquests moments val la pena interessar-se sobre la possibilitat de rectificar-reconstruir el seu propi motor avariat ja que tindr\u00e0 la plena seguretat de disposar una altra vegada d&#8217;un motor en perfecte estat de funcionament, molt m\u00e9s fiable que un motor d&#8217;ocasi\u00f3 i evidentment a un preu molt m\u00e9s econ\u00f2mic que un motor nou, demaneu-nos pressupost i us sorprendreu!<\/p>\t\t\t\t\t\t\t\t<\/div>\n\t\t\t\t<\/div>\n\t\t\t\t\t<\/div>\n\t\t<\/div>\n\t\t\t\t\t<\/div>\n\t\t<\/section>\n\t\t\t\t<section class=\"elementor-section elementor-top-section elementor-element elementor-element-b3fceaf elementor-section-boxed elementor-section-height-default elementor-section-height-default\" data-id=\"b3fceaf\" data-element_type=\"section\" data-e-type=\"section\">\n\t\t\t\t\t\t<div class=\"elementor-container elementor-column-gap-extended\">\n\t\t\t\t\t<div class=\"elementor-column elementor-col-100 elementor-top-column elementor-element elementor-element-ef3f1bf\" data-id=\"ef3f1bf\" data-element_type=\"column\" data-e-type=\"column\">\n\t\t\t<div class=\"elementor-widget-wrap elementor-element-populated\">\n\t\t\t\t\t\t<div class=\"elementor-element elementor-element-24cf8991 gallery-spacing-custom elementor-widget elementor-widget-image-gallery\" data-id=\"24cf8991\" data-element_type=\"widget\" data-e-type=\"widget\" data-widget_type=\"image-gallery.default\">\n\t\t\t\t<div class=\"elementor-widget-container\">\n\t\t\t\t\t\t\t<div class=\"elementor-image-gallery\">\n\t\t\t<div id='gallery-1' class='gallery galleryid-1101 gallery-columns-5 gallery-size-full'><figure class='gallery-item'>\n\t\t\t<div class='gallery-icon landscape'>\n\t\t\t\t<img decoding=\"async\" width=\"100\" height=\"100\" src=\"https:\/\/retecsl.com\/wp-content\/uploads\/2024\/08\/Lcat.jpg\" class=\"attachment-full size-full\" alt=\"\" \/>\n\t\t\t<\/div><\/figure><figure class='gallery-item'>\n\t\t\t<div class='gallery-icon landscape'>\n\t\t\t\t<img decoding=\"async\" width=\"100\" height=\"100\" src=\"https:\/\/retecsl.com\/wp-content\/uploads\/2024\/08\/Lyanmar.jpg\" class=\"attachment-full size-full\" alt=\"\" \/>\n\t\t\t<\/div><\/figure><figure class='gallery-item'>\n\t\t\t<div class='gallery-icon landscape'>\n\t\t\t\t<img loading=\"lazy\" decoding=\"async\" width=\"100\" height=\"100\" src=\"https:\/\/retecsl.com\/wp-content\/uploads\/2024\/08\/Lvolvo.jpg\" class=\"attachment-full size-full\" alt=\"\" \/>\n\t\t\t<\/div><\/figure><figure class='gallery-item'>\n\t\t\t<div class='gallery-icon landscape'>\n\t\t\t\t<img loading=\"lazy\" decoding=\"async\" width=\"100\" height=\"100\" src=\"https:\/\/retecsl.com\/wp-content\/uploads\/2024\/08\/Lvetus.jpg\" class=\"attachment-full size-full\" alt=\"\" \/>\n\t\t\t<\/div><\/figure><figure class='gallery-item'>\n\t\t\t<div class='gallery-icon landscape'>\n\t\t\t\t<img loading=\"lazy\" decoding=\"async\" width=\"100\" height=\"100\" src=\"https:\/\/retecsl.com\/wp-content\/uploads\/2024\/08\/Lsole.jpg\" class=\"attachment-full size-full\" alt=\"\" \/>\n\t\t\t<\/div><\/figure><figure class='gallery-item'>\n\t\t\t<div class='gallery-icon landscape'>\n\t\t\t\t<img loading=\"lazy\" decoding=\"async\" width=\"100\" height=\"100\" src=\"https:\/\/retecsl.com\/wp-content\/uploads\/2024\/08\/Lperkins.jpg\" class=\"attachment-full size-full\" alt=\"\" \/>\n\t\t\t<\/div><\/figure><figure class='gallery-item'>\n\t\t\t<div class='gallery-icon landscape'>\n\t\t\t\t<img loading=\"lazy\" decoding=\"async\" width=\"100\" height=\"100\" src=\"https:\/\/retecsl.com\/wp-content\/uploads\/2024\/08\/Lomc.jpg\" class=\"attachment-full size-full\" alt=\"\" \/>\n\t\t\t<\/div><\/figure><figure class='gallery-item'>\n\t\t\t<div class='gallery-icon landscape'>\n\t\t\t\t<img loading=\"lazy\" decoding=\"async\" width=\"100\" height=\"100\" src=\"https:\/\/retecsl.com\/wp-content\/uploads\/2024\/08\/Lnanni.jpg\" class=\"attachment-full size-full\" alt=\"\" \/>\n\t\t\t<\/div><\/figure><figure class='gallery-item'>\n\t\t\t<div class='gallery-icon landscape'>\n\t\t\t\t<img loading=\"lazy\" decoding=\"async\" width=\"100\" height=\"100\" src=\"https:\/\/retecsl.com\/wp-content\/uploads\/2024\/08\/Lmtu.jpg\" class=\"attachment-full size-full\" alt=\"\" \/>\n\t\t\t<\/div><\/figure><figure class='gallery-item'>\n\t\t\t<div class='gallery-icon landscape'>\n\t\t\t\t<img loading=\"lazy\" decoding=\"async\" width=\"100\" height=\"100\" src=\"https:\/\/retecsl.com\/wp-content\/uploads\/2024\/08\/Lmitsubishi.jpg\" class=\"attachment-full size-full\" alt=\"\" \/>\n\t\t\t<\/div><\/figure><figure class='gallery-item'>\n\t\t\t<div class='gallery-icon landscape'>\n\t\t\t\t<img loading=\"lazy\" decoding=\"async\" width=\"100\" height=\"100\" src=\"https:\/\/retecsl.com\/wp-content\/uploads\/2024\/08\/Lmercury.jpg\" class=\"attachment-full size-full\" alt=\"\" \/>\n\t\t\t<\/div><\/figure><figure class='gallery-item'>\n\t\t\t<div class='gallery-icon landscape'>\n\t\t\t\t<img loading=\"lazy\" decoding=\"async\" width=\"100\" height=\"100\" src=\"https:\/\/retecsl.com\/wp-content\/uploads\/2024\/08\/Lmercruiser.jpg\" class=\"attachment-full size-full\" alt=\"\" \/>\n\t\t\t<\/div><\/figure><figure class='gallery-item'>\n\t\t\t<div class='gallery-icon landscape'>\n\t\t\t\t<img loading=\"lazy\" decoding=\"async\" width=\"100\" height=\"100\" src=\"https:\/\/retecsl.com\/wp-content\/uploads\/2024\/08\/Lman.jpg\" class=\"attachment-full size-full\" alt=\"\" \/>\n\t\t\t<\/div><\/figure><figure class='gallery-item'>\n\t\t\t<div class='gallery-icon landscape'>\n\t\t\t\t<img loading=\"lazy\" decoding=\"async\" width=\"100\" height=\"100\" src=\"https:\/\/retecsl.com\/wp-content\/uploads\/2024\/08\/Llombardini.jpg\" class=\"attachment-full size-full\" alt=\"\" \/>\n\t\t\t<\/div><\/figure><figure class='gallery-item'>\n\t\t\t<div class='gallery-icon landscape'>\n\t\t\t\t<img loading=\"lazy\" decoding=\"async\" width=\"100\" height=\"100\" src=\"https:\/\/retecsl.com\/wp-content\/uploads\/2024\/08\/Lgm.jpg\" class=\"attachment-full size-full\" alt=\"\" \/>\n\t\t\t<\/div><\/figure><figure class='gallery-item'>\n\t\t\t<div class='gallery-icon landscape'>\n\t\t\t\t<img loading=\"lazy\" decoding=\"async\" width=\"100\" height=\"100\" src=\"https:\/\/retecsl.com\/wp-content\/uploads\/2024\/08\/Lfaryman.jpg\" class=\"attachment-full size-full\" alt=\"\" \/>\n\t\t\t<\/div><\/figure><figure class='gallery-item'>\n\t\t\t<div class='gallery-icon landscape'>\n\t\t\t\t<img loading=\"lazy\" decoding=\"async\" width=\"100\" height=\"100\" src=\"https:\/\/retecsl.com\/wp-content\/uploads\/2024\/08\/Ldetroit.jpg\" class=\"attachment-full size-full\" alt=\"\" \/>\n\t\t\t<\/div><\/figure><figure class='gallery-item'>\n\t\t\t<div class='gallery-icon landscape'>\n\t\t\t\t<img loading=\"lazy\" decoding=\"async\" width=\"100\" height=\"100\" src=\"https:\/\/retecsl.com\/wp-content\/uploads\/2024\/08\/Lcummins.jpg\" class=\"attachment-full size-full\" alt=\"\" \/>\n\t\t\t<\/div><\/figure><figure class='gallery-item'>\n\t\t\t<div class='gallery-icon landscape'>\n\t\t\t\t<img loading=\"lazy\" decoding=\"async\" width=\"100\" height=\"100\" src=\"https:\/\/retecsl.com\/wp-content\/uploads\/2024\/08\/Lcrusader.jpg\" class=\"attachment-full size-full\" alt=\"\" \/>\n\t\t\t<\/div><\/figure><figure class='gallery-item'>\n\t\t\t<div class='gallery-icon landscape'>\n\t\t\t\t<img loading=\"lazy\" decoding=\"async\" width=\"100\" height=\"100\" src=\"https:\/\/retecsl.com\/wp-content\/uploads\/2024\/08\/Lchrislermarine.jpg\" class=\"attachment-full size-full\" alt=\"\" \/>\n\t\t\t<\/div><\/figure>\n\t\t<\/div>\n\t\t<\/div>\n\t\t\t\t\t\t<\/div>\n\t\t\t\t<\/div>\n\t\t\t\t\t<\/div>\n\t\t<\/div>\n\t\t\t\t\t<\/div>\n\t\t<\/section>\n\t\t\t\t<\/div>\n\t\t","protected":false},"excerpt":{"rendered":"<p>Rectificat de motors marins: especialistes en reparaci\u00f3 n\u00e0utica A RETEC SL \u2013 Rectificadora T\u00e8cnica, som especialistes en el rectificat i reconstrucci\u00f3 de motors marins, tant pel sector n\u00e0utic professional com recreatiu. Comptem amb m\u00e9s de 35 anys d&#8217;experi\u00e8ncia al sector de la mec\u00e0nica, cosa que ens avala com un referent en la reparaci\u00f3 de motors [&hellip;]<\/p>\n","protected":false},"author":1,"featured_media":0,"parent":1091,"menu_order":0,"comment_status":"closed","ping_status":"closed","template":"","meta":{"_monsterinsights_skip_tracking":false,"_monsterinsights_sitenote_active":false,"_monsterinsights_sitenote_note":"","_monsterinsights_sitenote_category":0,"site-sidebar-layout":"no-sidebar","site-content-layout":"page-builder","ast-site-content-layout":"full-width-container","site-content-style":"default","site-sidebar-style":"default","ast-global-header-display":"","ast-banner-title-visibility":"","ast-main-header-display":"","ast-hfb-above-header-display":"","ast-hfb-below-header-display":"","ast-hfb-mobile-header-display":"","site-post-title":"disabled","ast-breadcrumbs-content":"","ast-featured-img":"disabled","footer-sml-layout":"","ast-disable-related-posts":"","theme-transparent-header-meta":"default","adv-header-id-meta":"448","stick-header-meta":"default","header-above-stick-meta":"","header-main-stick-meta":"","header-below-stick-meta":"","astra-migrate-meta-layouts":"default","ast-page-background-enabled":"default","ast-page-background-meta":{"desktop":{"background-color":"var(--ast-global-color-4)","background-image":"","background-repeat":"repeat","background-position":"center center","background-size":"auto","background-attachment":"scroll","background-type":"","background-media":"","overlay-type":"","overlay-color":"","overlay-opacity":"","overlay-gradient":""},"tablet":{"background-color":"","background-image":"","background-repeat":"repeat","background-position":"center center","background-size":"auto","background-attachment":"scroll","background-type":"","background-media":"","overlay-type":"","overlay-color":"","overlay-opacity":"","overlay-gradient":""},"mobile":{"background-color":"","background-image":"","background-repeat":"repeat","background-position":"center center","background-size":"auto","background-attachment":"scroll","background-type":"","background-media":"","overlay-type":"","overlay-color":"","overlay-opacity":"","overlay-gradient":""}},"ast-content-background-meta":{"desktop":{"background-color":"var(--ast-global-color-5)","background-image":"","background-repeat":"repeat","background-position":"center center","background-size":"auto","background-attachment":"scroll","background-type":"","background-media":"","overlay-type":"","overlay-color":"","overlay-opacity":"","overlay-gradient":""},"tablet":{"background-color":"var(--ast-global-color-5)","background-image":"","background-repeat":"repeat","background-position":"center center","background-size":"auto","background-attachment":"scroll","background-type":"","background-media":"","overlay-type":"","overlay-color":"","overlay-opacity":"","overlay-gradient":""},"mobile":{"background-color":"var(--ast-global-color-5)","background-image":"","background-repeat":"repeat","background-position":"center center","background-size":"auto","background-attachment":"scroll","background-type":"","background-media":"","overlay-type":"","overlay-color":"","overlay-opacity":"","overlay-gradient":""}},"footnotes":""},"class_list":["post-1101","page","type-page","status-publish","hentry"],"yoast_head":"<!-- This site is optimized with the Yoast SEO plugin v27.5 - https:\/\/yoast.com\/product\/yoast-seo-wordpress\/ -->\n<title>Rectificats de motors marins - RETEC SL - Rectificadora Tecnica<\/title>\n<meta name=\"description\" content=\"A RETEC SL - Rectificadora T\u00e8cnica, som especialistes en el rectificat i reconstrucci\u00f3 de motors marins.\" \/>\n<meta name=\"robots\" content=\"index, follow, max-snippet:-1, max-image-preview:large, max-video-preview:-1\" \/>\n<link rel=\"canonical\" href=\"https:\/\/retecsl.com\/ca\/serveis\/rectificats-de-motors-marins\/\" \/>\n<meta property=\"og:locale\" content=\"ca_ES\" \/>\n<meta property=\"og:type\" content=\"article\" \/>\n<meta property=\"og:title\" content=\"Rectificats de motors marins - RETEC SL - Rectificadora Tecnica\" \/>\n<meta property=\"og:description\" content=\"A RETEC SL - Rectificadora T\u00e8cnica, som especialistes en el rectificat i reconstrucci\u00f3 de motors marins.\" \/>\n<meta property=\"og:url\" content=\"https:\/\/retecsl.com\/ca\/serveis\/rectificats-de-motors-marins\/\" \/>\n<meta property=\"og:site_name\" content=\"RETEC SL - Rectificadora Tecnica\" \/>\n<meta property=\"article:modified_time\" content=\"2025-04-15T11:13:11+00:00\" \/>\n<meta property=\"og:image\" content=\"https:\/\/retecsl.com\/wp-content\/uploads\/2024\/08\/motor-02.jpg\" \/>\n\t<meta property=\"og:image:width\" content=\"721\" \/>\n\t<meta property=\"og:image:height\" content=\"470\" \/>\n\t<meta property=\"og:image:type\" content=\"image\/jpeg\" \/>\n<meta name=\"twitter:card\" content=\"summary_large_image\" \/>\n<meta name=\"twitter:label1\" content=\"Temps estimat de lectura\" \/>\n\t<meta name=\"twitter:data1\" content=\"1 minut\" \/>\n<script type=\"application\/ld+json\" class=\"yoast-schema-graph\">{\"@context\":\"https:\\\/\\\/schema.org\",\"@graph\":[{\"@type\":\"WebPage\",\"@id\":\"https:\\\/\\\/retecsl.com\\\/ca\\\/serveis\\\/rectificats-de-motors-marins\\\/\",\"url\":\"https:\\\/\\\/retecsl.com\\\/ca\\\/serveis\\\/rectificats-de-motors-marins\\\/\",\"name\":\"Rectificats de motors marins - RETEC SL - Rectificadora Tecnica\",\"isPartOf\":{\"@id\":\"https:\\\/\\\/retecsl.com\\\/#website\"},\"primaryImageOfPage\":{\"@id\":\"https:\\\/\\\/retecsl.com\\\/ca\\\/serveis\\\/rectificats-de-motors-marins\\\/#primaryimage\"},\"image\":{\"@id\":\"https:\\\/\\\/retecsl.com\\\/ca\\\/serveis\\\/rectificats-de-motors-marins\\\/#primaryimage\"},\"thumbnailUrl\":\"https:\\\/\\\/retecsl.com\\\/wp-content\\\/uploads\\\/2024\\\/08\\\/motor-02.jpg\",\"datePublished\":\"2025-04-14T13:59:41+00:00\",\"dateModified\":\"2025-04-15T11:13:11+00:00\",\"description\":\"A RETEC SL - Rectificadora T\u00e8cnica, som especialistes en el rectificat i reconstrucci\u00f3 de motors marins.\",\"breadcrumb\":{\"@id\":\"https:\\\/\\\/retecsl.com\\\/ca\\\/serveis\\\/rectificats-de-motors-marins\\\/#breadcrumb\"},\"inLanguage\":\"ca\",\"potentialAction\":[{\"@type\":\"ReadAction\",\"target\":[\"https:\\\/\\\/retecsl.com\\\/ca\\\/serveis\\\/rectificats-de-motors-marins\\\/\"]}]},{\"@type\":\"ImageObject\",\"inLanguage\":\"ca\",\"@id\":\"https:\\\/\\\/retecsl.com\\\/ca\\\/serveis\\\/rectificats-de-motors-marins\\\/#primaryimage\",\"url\":\"https:\\\/\\\/retecsl.com\\\/wp-content\\\/uploads\\\/2024\\\/08\\\/motor-02.jpg\",\"contentUrl\":\"https:\\\/\\\/retecsl.com\\\/wp-content\\\/uploads\\\/2024\\\/08\\\/motor-02.jpg\"},{\"@type\":\"BreadcrumbList\",\"@id\":\"https:\\\/\\\/retecsl.com\\\/ca\\\/serveis\\\/rectificats-de-motors-marins\\\/#breadcrumb\",\"itemListElement\":[{\"@type\":\"ListItem\",\"position\":1,\"name\":\"Portada\",\"item\":\"https:\\\/\\\/retecsl.com\\\/ca\\\/\"},{\"@type\":\"ListItem\",\"position\":2,\"name\":\"Serveis\",\"item\":\"https:\\\/\\\/retecsl.com\\\/ca\\\/serveis\\\/\"},{\"@type\":\"ListItem\",\"position\":3,\"name\":\"Rectificats de motors marins\"}]},{\"@type\":\"WebSite\",\"@id\":\"https:\\\/\\\/retecsl.com\\\/#website\",\"url\":\"https:\\\/\\\/retecsl.com\\\/\",\"name\":\"RETEC SL - Rectificadora Tecnica\",\"description\":\"Reparaci\u00f3n y reconstrucci\u00f3n de todo tipo de motores de explosi\u00f3n\",\"publisher\":{\"@id\":\"https:\\\/\\\/retecsl.com\\\/#organization\"},\"alternateName\":\"retecsl\",\"potentialAction\":[{\"@type\":\"SearchAction\",\"target\":{\"@type\":\"EntryPoint\",\"urlTemplate\":\"https:\\\/\\\/retecsl.com\\\/?s={search_term_string}\"},\"query-input\":{\"@type\":\"PropertyValueSpecification\",\"valueRequired\":true,\"valueName\":\"search_term_string\"}}],\"inLanguage\":\"ca\"},{\"@type\":\"Organization\",\"@id\":\"https:\\\/\\\/retecsl.com\\\/#organization\",\"name\":\"RETEC SL - Rectificadora Tecnica\",\"url\":\"https:\\\/\\\/retecsl.com\\\/\",\"logo\":{\"@type\":\"ImageObject\",\"inLanguage\":\"ca\",\"@id\":\"https:\\\/\\\/retecsl.com\\\/#\\\/schema\\\/logo\\\/image\\\/\",\"url\":\"https:\\\/\\\/retecsl.com\\\/wp-content\\\/uploads\\\/2025\\\/04\\\/retec_logo.png\",\"contentUrl\":\"https:\\\/\\\/retecsl.com\\\/wp-content\\\/uploads\\\/2025\\\/04\\\/retec_logo.png\",\"width\":400,\"height\":123,\"caption\":\"RETEC SL - Rectificadora Tecnica\"},\"image\":{\"@id\":\"https:\\\/\\\/retecsl.com\\\/#\\\/schema\\\/logo\\\/image\\\/\"}}]}<\/script>\n<!-- \/ Yoast SEO plugin. -->","yoast_head_json":{"title":"Rectificats de motors marins - RETEC SL - Rectificadora Tecnica","description":"A RETEC SL - Rectificadora T\u00e8cnica, som especialistes en el rectificat i reconstrucci\u00f3 de motors marins.","robots":{"index":"index","follow":"follow","max-snippet":"max-snippet:-1","max-image-preview":"max-image-preview:large","max-video-preview":"max-video-preview:-1"},"canonical":"https:\/\/retecsl.com\/ca\/serveis\/rectificats-de-motors-marins\/","og_locale":"ca_ES","og_type":"article","og_title":"Rectificats de motors marins - RETEC SL - Rectificadora Tecnica","og_description":"A RETEC SL - Rectificadora T\u00e8cnica, som especialistes en el rectificat i reconstrucci\u00f3 de motors marins.","og_url":"https:\/\/retecsl.com\/ca\/serveis\/rectificats-de-motors-marins\/","og_site_name":"RETEC SL - Rectificadora Tecnica","article_modified_time":"2025-04-15T11:13:11+00:00","og_image":[{"width":721,"height":470,"url":"https:\/\/retecsl.com\/wp-content\/uploads\/2024\/08\/motor-02.jpg","type":"image\/jpeg"}],"twitter_card":"summary_large_image","twitter_misc":{"Temps estimat de lectura":"1 minut"},"schema":{"@context":"https:\/\/schema.org","@graph":[{"@type":"WebPage","@id":"https:\/\/retecsl.com\/ca\/serveis\/rectificats-de-motors-marins\/","url":"https:\/\/retecsl.com\/ca\/serveis\/rectificats-de-motors-marins\/","name":"Rectificats de motors marins - RETEC SL - Rectificadora Tecnica","isPartOf":{"@id":"https:\/\/retecsl.com\/#website"},"primaryImageOfPage":{"@id":"https:\/\/retecsl.com\/ca\/serveis\/rectificats-de-motors-marins\/#primaryimage"},"image":{"@id":"https:\/\/retecsl.com\/ca\/serveis\/rectificats-de-motors-marins\/#primaryimage"},"thumbnailUrl":"https:\/\/retecsl.com\/wp-content\/uploads\/2024\/08\/motor-02.jpg","datePublished":"2025-04-14T13:59:41+00:00","dateModified":"2025-04-15T11:13:11+00:00","description":"A RETEC SL - Rectificadora T\u00e8cnica, som especialistes en el rectificat i reconstrucci\u00f3 de motors marins.","breadcrumb":{"@id":"https:\/\/retecsl.com\/ca\/serveis\/rectificats-de-motors-marins\/#breadcrumb"},"inLanguage":"ca","potentialAction":[{"@type":"ReadAction","target":["https:\/\/retecsl.com\/ca\/serveis\/rectificats-de-motors-marins\/"]}]},{"@type":"ImageObject","inLanguage":"ca","@id":"https:\/\/retecsl.com\/ca\/serveis\/rectificats-de-motors-marins\/#primaryimage","url":"https:\/\/retecsl.com\/wp-content\/uploads\/2024\/08\/motor-02.jpg","contentUrl":"https:\/\/retecsl.com\/wp-content\/uploads\/2024\/08\/motor-02.jpg"},{"@type":"BreadcrumbList","@id":"https:\/\/retecsl.com\/ca\/serveis\/rectificats-de-motors-marins\/#breadcrumb","itemListElement":[{"@type":"ListItem","position":1,"name":"Portada","item":"https:\/\/retecsl.com\/ca\/"},{"@type":"ListItem","position":2,"name":"Serveis","item":"https:\/\/retecsl.com\/ca\/serveis\/"},{"@type":"ListItem","position":3,"name":"Rectificats de motors marins"}]},{"@type":"WebSite","@id":"https:\/\/retecsl.com\/#website","url":"https:\/\/retecsl.com\/","name":"RETEC SL - Rectificadora Tecnica","description":"Reparaci\u00f3n y reconstrucci\u00f3n de todo tipo de motores de explosi\u00f3n","publisher":{"@id":"https:\/\/retecsl.com\/#organization"},"alternateName":"retecsl","potentialAction":[{"@type":"SearchAction","target":{"@type":"EntryPoint","urlTemplate":"https:\/\/retecsl.com\/?s={search_term_string}"},"query-input":{"@type":"PropertyValueSpecification","valueRequired":true,"valueName":"search_term_string"}}],"inLanguage":"ca"},{"@type":"Organization","@id":"https:\/\/retecsl.com\/#organization","name":"RETEC SL - Rectificadora Tecnica","url":"https:\/\/retecsl.com\/","logo":{"@type":"ImageObject","inLanguage":"ca","@id":"https:\/\/retecsl.com\/#\/schema\/logo\/image\/","url":"https:\/\/retecsl.com\/wp-content\/uploads\/2025\/04\/retec_logo.png","contentUrl":"https:\/\/retecsl.com\/wp-content\/uploads\/2025\/04\/retec_logo.png","width":400,"height":123,"caption":"RETEC SL - Rectificadora Tecnica"},"image":{"@id":"https:\/\/retecsl.com\/#\/schema\/logo\/image\/"}}]}},"_links":{"self":[{"href":"https:\/\/retecsl.com\/ca\/wp-json\/wp\/v2\/pages\/1101","targetHints":{"allow":["GET"]}}],"collection":[{"href":"https:\/\/retecsl.com\/ca\/wp-json\/wp\/v2\/pages"}],"about":[{"href":"https:\/\/retecsl.com\/ca\/wp-json\/wp\/v2\/types\/page"}],"author":[{"embeddable":true,"href":"https:\/\/retecsl.com\/ca\/wp-json\/wp\/v2\/users\/1"}],"replies":[{"embeddable":true,"href":"https:\/\/retecsl.com\/ca\/wp-json\/wp\/v2\/comments?post=1101"}],"version-history":[{"count":2,"href":"https:\/\/retecsl.com\/ca\/wp-json\/wp\/v2\/pages\/1101\/revisions"}],"predecessor-version":[{"id":1103,"href":"https:\/\/retecsl.com\/ca\/wp-json\/wp\/v2\/pages\/1101\/revisions\/1103"}],"up":[{"embeddable":true,"href":"https:\/\/retecsl.com\/ca\/wp-json\/wp\/v2\/pages\/1091"}],"wp:attachment":[{"href":"https:\/\/retecsl.com\/ca\/wp-json\/wp\/v2\/media?parent=1101"}],"curies":[{"name":"wp","href":"https:\/\/api.w.org\/{rel}","templated":true}]}}