{"id":1097,"date":"2025-04-14T13:58:27","date_gmt":"2025-04-14T13:58:27","guid":{"rendered":"https:\/\/retecsl.com\/serveis\/rectificat-de-motors\/"},"modified":"2025-04-15T11:08:21","modified_gmt":"2025-04-15T11:08:21","slug":"rectificat-de-motors","status":"publish","type":"page","link":"https:\/\/retecsl.com\/ca\/serveis\/rectificat-de-motors\/","title":{"rendered":"Rectificat de motors"},"content":{"rendered":"\t\t<div data-elementor-type=\"wp-page\" data-elementor-id=\"1097\" class=\"elementor elementor-1097 elementor-970\" data-elementor-post-type=\"page\">\n\t\t\t\t\t\t<section class=\"elementor-section elementor-top-section elementor-element elementor-element-3fd4dcea elementor-section-boxed elementor-section-height-default elementor-section-height-default\" data-id=\"3fd4dcea\" data-element_type=\"section\" data-e-type=\"section\">\n\t\t\t\t\t\t<div class=\"elementor-container elementor-column-gap-wide\">\n\t\t\t\t\t<div class=\"elementor-column elementor-col-50 elementor-top-column elementor-element elementor-element-6664b8b3\" data-id=\"6664b8b3\" data-element_type=\"column\" data-e-type=\"column\">\n\t\t\t<div class=\"elementor-widget-wrap elementor-element-populated\">\n\t\t\t\t\t\t<div class=\"elementor-element elementor-element-5e38bbe elementor-widget elementor-widget-heading\" data-id=\"5e38bbe\" data-element_type=\"widget\" data-e-type=\"widget\" data-widget_type=\"heading.default\">\n\t\t\t\t<div class=\"elementor-widget-container\">\n\t\t\t\t\t<h2 class=\"elementor-heading-title elementor-size-default\">Reparaci\u00f3 professional de motors d'explosi\u00f3<\/h2>\t\t\t\t<\/div>\n\t\t\t\t<\/div>\n\t\t\t\t<div class=\"elementor-element elementor-element-460ef2a1 elementor-widget elementor-widget-text-editor\" data-id=\"460ef2a1\" data-element_type=\"widget\" data-e-type=\"widget\" data-widget_type=\"text-editor.default\">\n\t\t\t\t<div class=\"elementor-widget-container\">\n\t\t\t\t\t\t\t\t\t<p>A <strong>RETEC SL &#8211; Rectificadora T\u00e8cnica<\/strong> , oferim servei complet de rectificat i reconstrucci\u00f3 de motors d&#8217;explosi\u00f3 per a tot tipus de vehicles: industrials, agr\u00edcoles, turismes, transport pesant, maquin\u00e0ria d&#8217;obra p\u00fablica i motors n\u00e0utics o esportius.<\/p><p>Comptem amb un equip de professionals altament qualificats que s&#8217;encarreguen de cada fase del proc\u00e9s, fent servir maquin\u00e0ria de precisi\u00f3 i t\u00e8cniques avan\u00e7ades per garantir una reparaci\u00f3 de motors efica\u00e7, segura i duradora.<\/p>\t\t\t\t\t\t\t\t<\/div>\n\t\t\t\t<\/div>\n\t\t\t\t<div class=\"elementor-element elementor-element-c819f91 elementor-widget elementor-widget-heading\" data-id=\"c819f91\" data-element_type=\"widget\" data-e-type=\"widget\" data-widget_type=\"heading.default\">\n\t\t\t\t<div class=\"elementor-widget-container\">\n\t\t\t\t\t<h2 class=\"elementor-heading-title elementor-size-default\">Els nostres serveis de rectificat de motors inclouen:<\/h2>\t\t\t\t<\/div>\n\t\t\t\t<\/div>\n\t\t\t\t<div class=\"elementor-element elementor-element-bd211d3 elementor-widget elementor-widget-text-editor\" data-id=\"bd211d3\" data-element_type=\"widget\" data-e-type=\"widget\" data-widget_type=\"text-editor.default\">\n\t\t\t\t<div class=\"elementor-widget-container\">\n\t\t\t\t\t\t\t\t\t<p>\u00b7 Rectificat de cigonyals<br> \u00b7 Rectificat de blocs.<br> \u00b7 Planificat de culates<br> \u00b7 Planificat de blocs<br> \u00b7 Rectificat de seients de v\u00e0lvula<br> \u00b7 Rectificat de v\u00e0lvules<br> \u00b7 Comprovaci\u00f3 d&#8217;estanque\u00eftat de culates<br> \u00b7 Soldadura de culates d&#8217;alumini<br> \u00b7 Mandrinat de bieles<br> \u00b7 Mandrinat de bancades<br> \u00b7 Detecci\u00f3 de fissures en cigonyals, bieles, arbres de lleves, etc.<br> \u00b7 Muntatge complet del motor i posada en marxa<br> \u00b7 Soldadura de carters.<\/p>\t\t\t\t\t\t\t\t<\/div>\n\t\t\t\t<\/div>\n\t\t\t\t\t<\/div>\n\t\t<\/div>\n\t\t\t\t<div class=\"elementor-column elementor-col-50 elementor-top-column elementor-element elementor-element-4d201d46\" data-id=\"4d201d46\" data-element_type=\"column\" data-e-type=\"column\">\n\t\t\t<div class=\"elementor-widget-wrap elementor-element-populated\">\n\t\t\t\t\t\t<div class=\"elementor-element elementor-element-424cad0a elementor-widget elementor-widget-image\" data-id=\"424cad0a\" data-element_type=\"widget\" data-e-type=\"widget\" data-widget_type=\"image.default\">\n\t\t\t\t<div class=\"elementor-widget-container\">\n\t\t\t\t\t\t\t\t\t\t\t\t\t\t\t<img fetchpriority=\"high\" decoding=\"async\" width=\"1024\" height=\"820\" src=\"https:\/\/retecsl.com\/wp-content\/uploads\/2024\/08\/Retec-02-1024x820.jpg\" class=\"attachment-large size-large wp-image-379\" alt=\"Rectificadora T\u00e9cnica S.L\" srcset=\"https:\/\/retecsl.com\/wp-content\/uploads\/2024\/08\/Retec-02-1024x820.jpg 1024w, https:\/\/retecsl.com\/wp-content\/uploads\/2024\/08\/Retec-02-600x480.jpg 600w, https:\/\/retecsl.com\/wp-content\/uploads\/2024\/08\/Retec-02-300x240.jpg 300w, https:\/\/retecsl.com\/wp-content\/uploads\/2024\/08\/Retec-02-768x615.jpg 768w, https:\/\/retecsl.com\/wp-content\/uploads\/2024\/08\/Retec-02.jpg 1529w\" sizes=\"(max-width: 1024px) 100vw, 1024px\" \/>\t\t\t\t\t\t\t\t\t\t\t\t\t\t\t<\/div>\n\t\t\t\t<\/div>\n\t\t\t\t<div class=\"elementor-element elementor-element-3665ea9 elementor-widget elementor-widget-text-editor\" data-id=\"3665ea9\" data-element_type=\"widget\" data-e-type=\"widget\" data-widget_type=\"text-editor.default\">\n\t\t\t\t<div class=\"elementor-widget-container\">\n\t\t\t\t\t\t\t\t\t<p>Gr\u00e0cies a la nostra experi\u00e8ncia al sector, oferim solucions especialitzades tant en <strong>motors di\u00e8sel com de gasolina<\/strong> . Ja sigui per a vehicles pesants, maquin\u00e0ria agr\u00edcola, motors marins o vehicles particulars, <strong>a RETEC SL<\/strong> us garantim un treball d&#8217;alta qualitat. <\/p><p>Necessites una reparaci\u00f3 urgent o una reconstrucci\u00f3 completa del motor? Posa&#8217;t en contacte amb nosaltres i descobreix per qu\u00e8 som un referent en rectificat de motors a <strong>Girona i tot l&#8217;Alt Empord\u00e0<\/strong> . <\/p>\t\t\t\t\t\t\t\t<\/div>\n\t\t\t\t<\/div>\n\t\t\t\t<div class=\"elementor-element elementor-element-f5d7475 elementor-widget elementor-widget-button\" data-id=\"f5d7475\" data-element_type=\"widget\" data-e-type=\"widget\" data-widget_type=\"button.default\">\n\t\t\t\t<div class=\"elementor-widget-container\">\n\t\t\t\t\t\t\t\t\t<div class=\"elementor-button-wrapper\">\n\t\t\t\t\t<a class=\"elementor-button elementor-button-link elementor-size-sm\" href=\"https:\/\/retecsl.com\/ca\/contacte\/\">\n\t\t\t\t\t\t<span class=\"elementor-button-content-wrapper\">\n\t\t\t\t\t\t\t\t\t<span class=\"elementor-button-text\">Escriu-nos aqu\u00ed<\/span>\n\t\t\t\t\t<\/span>\n\t\t\t\t\t<\/a>\n\t\t\t\t<\/div>\n\t\t\t\t\t\t\t\t<\/div>\n\t\t\t\t<\/div>\n\t\t\t\t\t<\/div>\n\t\t<\/div>\n\t\t\t\t\t<\/div>\n\t\t<\/section>\n\t\t\t\t<section class=\"elementor-section elementor-top-section elementor-element elementor-element-2167cb3 elementor-section-boxed elementor-section-height-default elementor-section-height-default\" data-id=\"2167cb3\" data-element_type=\"section\" data-e-type=\"section\">\n\t\t\t\t\t\t<div class=\"elementor-container elementor-column-gap-extended\">\n\t\t\t\t\t<div class=\"elementor-column elementor-col-100 elementor-top-column elementor-element elementor-element-693761cf\" data-id=\"693761cf\" data-element_type=\"column\" data-e-type=\"column\">\n\t\t\t<div class=\"elementor-widget-wrap elementor-element-populated\">\n\t\t\t\t\t\t<div class=\"elementor-element elementor-element-43d3e56e elementor-widget elementor-widget-text-editor\" data-id=\"43d3e56e\" data-element_type=\"widget\" data-e-type=\"widget\" data-widget_type=\"text-editor.default\">\n\t\t\t\t<div class=\"elementor-widget-container\">\n\t\t\t\t\t\t\t\t\tI RECORDE! En aquests moments val la pena interessar-se sobre la possibilitat de rectificar-reconstruir el seu propi motor avariat ja que tindr\u00e0 la plena seguretat de disposar una altra vegada d&#8217;un motor en perfecte estat de funcionament, molt m\u00e9s fiable que un motor d&#8217;ocasi\u00f3 i evidentment a un preu molt m\u00e9s econ\u00f2mic que un motor nou, demaneu-nos pressupost i us sorprendreu! \t\t\t\t\t\t\t\t<\/div>\n\t\t\t\t<\/div>\n\t\t\t\t\t<\/div>\n\t\t<\/div>\n\t\t\t\t\t<\/div>\n\t\t<\/section>\n\t\t\t\t<\/div>\n\t\t","protected":false},"excerpt":{"rendered":"<p>Reparaci\u00f3 professional de motors d&#8217;explosi\u00f3 A RETEC SL &#8211; Rectificadora T\u00e8cnica , oferim servei complet de rectificat i reconstrucci\u00f3 de motors d&#8217;explosi\u00f3 per a tot tipus de vehicles: industrials, agr\u00edcoles, turismes, transport pesant, maquin\u00e0ria d&#8217;obra p\u00fablica i motors n\u00e0utics o esportius. Comptem amb un equip de professionals altament qualificats que s&#8217;encarreguen de cada fase del [&hellip;]<\/p>\n","protected":false},"author":1,"featured_media":0,"parent":1091,"menu_order":0,"comment_status":"closed","ping_status":"closed","template":"","meta":{"_monsterinsights_skip_tracking":false,"_monsterinsights_sitenote_active":false,"_monsterinsights_sitenote_note":"","_monsterinsights_sitenote_category":0,"site-sidebar-layout":"no-sidebar","site-content-layout":"page-builder","ast-site-content-layout":"full-width-container","site-content-style":"default","site-sidebar-style":"default","ast-global-header-display":"","ast-banner-title-visibility":"","ast-main-header-display":"","ast-hfb-above-header-display":"","ast-hfb-below-header-display":"","ast-hfb-mobile-header-display":"","site-post-title":"disabled","ast-breadcrumbs-content":"","ast-featured-img":"disabled","footer-sml-layout":"","ast-disable-related-posts":"","theme-transparent-header-meta":"default","adv-header-id-meta":"448","stick-header-meta":"default","header-above-stick-meta":"","header-main-stick-meta":"","header-below-stick-meta":"","astra-migrate-meta-layouts":"default","ast-page-background-enabled":"default","ast-page-background-meta":{"desktop":{"background-color":"var(--ast-global-color-4)","background-image":"","background-repeat":"repeat","background-position":"center center","background-size":"auto","background-attachment":"scroll","background-type":"","background-media":"","overlay-type":"","overlay-color":"","overlay-opacity":"","overlay-gradient":""},"tablet":{"background-color":"","background-image":"","background-repeat":"repeat","background-position":"center center","background-size":"auto","background-attachment":"scroll","background-type":"","background-media":"","overlay-type":"","overlay-color":"","overlay-opacity":"","overlay-gradient":""},"mobile":{"background-color":"","background-image":"","background-repeat":"repeat","background-position":"center center","background-size":"auto","background-attachment":"scroll","background-type":"","background-media":"","overlay-type":"","overlay-color":"","overlay-opacity":"","overlay-gradient":""}},"ast-content-background-meta":{"desktop":{"background-color":"var(--ast-global-color-5)","background-image":"","background-repeat":"repeat","background-position":"center center","background-size":"auto","background-attachment":"scroll","background-type":"","background-media":"","overlay-type":"","overlay-color":"","overlay-opacity":"","overlay-gradient":""},"tablet":{"background-color":"var(--ast-global-color-5)","background-image":"","background-repeat":"repeat","background-position":"center center","background-size":"auto","background-attachment":"scroll","background-type":"","background-media":"","overlay-type":"","overlay-color":"","overlay-opacity":"","overlay-gradient":""},"mobile":{"background-color":"var(--ast-global-color-5)","background-image":"","background-repeat":"repeat","background-position":"center center","background-size":"auto","background-attachment":"scroll","background-type":"","background-media":"","overlay-type":"","overlay-color":"","overlay-opacity":"","overlay-gradient":""}},"footnotes":""},"class_list":["post-1097","page","type-page","status-publish","hentry"],"yoast_head":"<!-- This site is optimized with the Yoast SEO plugin v27.5 - https:\/\/yoast.com\/product\/yoast-seo-wordpress\/ -->\n<title>Rectificat de motors - RETEC SL - Rectificadora Tecnica<\/title>\n<meta name=\"description\" content=\"Reparaci\u00f3 i rectificat de motors d&#039;explosi\u00f3 instal\u00b7lats en vehicles industrials, agr\u00edcoles, transport...\" \/>\n<meta name=\"robots\" content=\"index, follow, max-snippet:-1, max-image-preview:large, max-video-preview:-1\" \/>\n<link rel=\"canonical\" href=\"https:\/\/retecsl.com\/ca\/serveis\/rectificat-de-motors\/\" \/>\n<meta property=\"og:locale\" content=\"ca_ES\" \/>\n<meta property=\"og:type\" content=\"article\" \/>\n<meta property=\"og:title\" content=\"Rectificat de motors - RETEC SL - Rectificadora Tecnica\" \/>\n<meta property=\"og:description\" content=\"Reparaci\u00f3 i rectificat de motors d&#039;explosi\u00f3 instal\u00b7lats en vehicles industrials, agr\u00edcoles, transport...\" \/>\n<meta property=\"og:url\" content=\"https:\/\/retecsl.com\/ca\/serveis\/rectificat-de-motors\/\" \/>\n<meta property=\"og:site_name\" content=\"RETEC SL - Rectificadora Tecnica\" \/>\n<meta property=\"article:modified_time\" content=\"2025-04-15T11:08:21+00:00\" \/>\n<meta property=\"og:image\" content=\"https:\/\/retecsl.com\/wp-content\/uploads\/2024\/08\/Retec-02.jpg\" \/>\n\t<meta property=\"og:image:width\" content=\"1529\" \/>\n\t<meta property=\"og:image:height\" content=\"1224\" \/>\n\t<meta property=\"og:image:type\" content=\"image\/jpeg\" \/>\n<meta name=\"twitter:card\" content=\"summary_large_image\" \/>\n<meta name=\"twitter:label1\" content=\"Temps estimat de lectura\" \/>\n\t<meta name=\"twitter:data1\" content=\"1 minut\" \/>\n<script type=\"application\/ld+json\" class=\"yoast-schema-graph\">{\"@context\":\"https:\\\/\\\/schema.org\",\"@graph\":[{\"@type\":\"WebPage\",\"@id\":\"https:\\\/\\\/retecsl.com\\\/ca\\\/serveis\\\/rectificat-de-motors\\\/\",\"url\":\"https:\\\/\\\/retecsl.com\\\/ca\\\/serveis\\\/rectificat-de-motors\\\/\",\"name\":\"Rectificat de motors - RETEC SL - Rectificadora Tecnica\",\"isPartOf\":{\"@id\":\"https:\\\/\\\/retecsl.com\\\/#website\"},\"primaryImageOfPage\":{\"@id\":\"https:\\\/\\\/retecsl.com\\\/ca\\\/serveis\\\/rectificat-de-motors\\\/#primaryimage\"},\"image\":{\"@id\":\"https:\\\/\\\/retecsl.com\\\/ca\\\/serveis\\\/rectificat-de-motors\\\/#primaryimage\"},\"thumbnailUrl\":\"https:\\\/\\\/retecsl.com\\\/wp-content\\\/uploads\\\/2024\\\/08\\\/Retec-02-1024x820.jpg\",\"datePublished\":\"2025-04-14T13:58:27+00:00\",\"dateModified\":\"2025-04-15T11:08:21+00:00\",\"description\":\"Reparaci\u00f3 i rectificat de motors d'explosi\u00f3 instal\u00b7lats en vehicles industrials, agr\u00edcoles, transport...\",\"breadcrumb\":{\"@id\":\"https:\\\/\\\/retecsl.com\\\/ca\\\/serveis\\\/rectificat-de-motors\\\/#breadcrumb\"},\"inLanguage\":\"ca\",\"potentialAction\":[{\"@type\":\"ReadAction\",\"target\":[\"https:\\\/\\\/retecsl.com\\\/ca\\\/serveis\\\/rectificat-de-motors\\\/\"]}]},{\"@type\":\"ImageObject\",\"inLanguage\":\"ca\",\"@id\":\"https:\\\/\\\/retecsl.com\\\/ca\\\/serveis\\\/rectificat-de-motors\\\/#primaryimage\",\"url\":\"https:\\\/\\\/retecsl.com\\\/wp-content\\\/uploads\\\/2024\\\/08\\\/Retec-02-1024x820.jpg\",\"contentUrl\":\"https:\\\/\\\/retecsl.com\\\/wp-content\\\/uploads\\\/2024\\\/08\\\/Retec-02-1024x820.jpg\"},{\"@type\":\"BreadcrumbList\",\"@id\":\"https:\\\/\\\/retecsl.com\\\/ca\\\/serveis\\\/rectificat-de-motors\\\/#breadcrumb\",\"itemListElement\":[{\"@type\":\"ListItem\",\"position\":1,\"name\":\"Portada\",\"item\":\"https:\\\/\\\/retecsl.com\\\/ca\\\/\"},{\"@type\":\"ListItem\",\"position\":2,\"name\":\"Serveis\",\"item\":\"https:\\\/\\\/retecsl.com\\\/ca\\\/serveis\\\/\"},{\"@type\":\"ListItem\",\"position\":3,\"name\":\"Rectificat de motors\"}]},{\"@type\":\"WebSite\",\"@id\":\"https:\\\/\\\/retecsl.com\\\/#website\",\"url\":\"https:\\\/\\\/retecsl.com\\\/\",\"name\":\"RETEC SL - Rectificadora Tecnica\",\"description\":\"Reparaci\u00f3n y reconstrucci\u00f3n de todo tipo de motores de explosi\u00f3n\",\"publisher\":{\"@id\":\"https:\\\/\\\/retecsl.com\\\/#organization\"},\"alternateName\":\"retecsl\",\"potentialAction\":[{\"@type\":\"SearchAction\",\"target\":{\"@type\":\"EntryPoint\",\"urlTemplate\":\"https:\\\/\\\/retecsl.com\\\/?s={search_term_string}\"},\"query-input\":{\"@type\":\"PropertyValueSpecification\",\"valueRequired\":true,\"valueName\":\"search_term_string\"}}],\"inLanguage\":\"ca\"},{\"@type\":\"Organization\",\"@id\":\"https:\\\/\\\/retecsl.com\\\/#organization\",\"name\":\"RETEC SL - Rectificadora Tecnica\",\"url\":\"https:\\\/\\\/retecsl.com\\\/\",\"logo\":{\"@type\":\"ImageObject\",\"inLanguage\":\"ca\",\"@id\":\"https:\\\/\\\/retecsl.com\\\/#\\\/schema\\\/logo\\\/image\\\/\",\"url\":\"https:\\\/\\\/retecsl.com\\\/wp-content\\\/uploads\\\/2025\\\/04\\\/retec_logo.png\",\"contentUrl\":\"https:\\\/\\\/retecsl.com\\\/wp-content\\\/uploads\\\/2025\\\/04\\\/retec_logo.png\",\"width\":400,\"height\":123,\"caption\":\"RETEC SL - Rectificadora Tecnica\"},\"image\":{\"@id\":\"https:\\\/\\\/retecsl.com\\\/#\\\/schema\\\/logo\\\/image\\\/\"}}]}<\/script>\n<!-- \/ Yoast SEO plugin. -->","yoast_head_json":{"title":"Rectificat de motors - RETEC SL - Rectificadora Tecnica","description":"Reparaci\u00f3 i rectificat de motors d'explosi\u00f3 instal\u00b7lats en vehicles industrials, agr\u00edcoles, transport...","robots":{"index":"index","follow":"follow","max-snippet":"max-snippet:-1","max-image-preview":"max-image-preview:large","max-video-preview":"max-video-preview:-1"},"canonical":"https:\/\/retecsl.com\/ca\/serveis\/rectificat-de-motors\/","og_locale":"ca_ES","og_type":"article","og_title":"Rectificat de motors - RETEC SL - Rectificadora Tecnica","og_description":"Reparaci\u00f3 i rectificat de motors d'explosi\u00f3 instal\u00b7lats en vehicles industrials, agr\u00edcoles, transport...","og_url":"https:\/\/retecsl.com\/ca\/serveis\/rectificat-de-motors\/","og_site_name":"RETEC SL - Rectificadora Tecnica","article_modified_time":"2025-04-15T11:08:21+00:00","og_image":[{"width":1529,"height":1224,"url":"https:\/\/retecsl.com\/wp-content\/uploads\/2024\/08\/Retec-02.jpg","type":"image\/jpeg"}],"twitter_card":"summary_large_image","twitter_misc":{"Temps estimat de lectura":"1 minut"},"schema":{"@context":"https:\/\/schema.org","@graph":[{"@type":"WebPage","@id":"https:\/\/retecsl.com\/ca\/serveis\/rectificat-de-motors\/","url":"https:\/\/retecsl.com\/ca\/serveis\/rectificat-de-motors\/","name":"Rectificat de motors - RETEC SL - Rectificadora Tecnica","isPartOf":{"@id":"https:\/\/retecsl.com\/#website"},"primaryImageOfPage":{"@id":"https:\/\/retecsl.com\/ca\/serveis\/rectificat-de-motors\/#primaryimage"},"image":{"@id":"https:\/\/retecsl.com\/ca\/serveis\/rectificat-de-motors\/#primaryimage"},"thumbnailUrl":"https:\/\/retecsl.com\/wp-content\/uploads\/2024\/08\/Retec-02-1024x820.jpg","datePublished":"2025-04-14T13:58:27+00:00","dateModified":"2025-04-15T11:08:21+00:00","description":"Reparaci\u00f3 i rectificat de motors d'explosi\u00f3 instal\u00b7lats en vehicles industrials, agr\u00edcoles, transport...","breadcrumb":{"@id":"https:\/\/retecsl.com\/ca\/serveis\/rectificat-de-motors\/#breadcrumb"},"inLanguage":"ca","potentialAction":[{"@type":"ReadAction","target":["https:\/\/retecsl.com\/ca\/serveis\/rectificat-de-motors\/"]}]},{"@type":"ImageObject","inLanguage":"ca","@id":"https:\/\/retecsl.com\/ca\/serveis\/rectificat-de-motors\/#primaryimage","url":"https:\/\/retecsl.com\/wp-content\/uploads\/2024\/08\/Retec-02-1024x820.jpg","contentUrl":"https:\/\/retecsl.com\/wp-content\/uploads\/2024\/08\/Retec-02-1024x820.jpg"},{"@type":"BreadcrumbList","@id":"https:\/\/retecsl.com\/ca\/serveis\/rectificat-de-motors\/#breadcrumb","itemListElement":[{"@type":"ListItem","position":1,"name":"Portada","item":"https:\/\/retecsl.com\/ca\/"},{"@type":"ListItem","position":2,"name":"Serveis","item":"https:\/\/retecsl.com\/ca\/serveis\/"},{"@type":"ListItem","position":3,"name":"Rectificat de motors"}]},{"@type":"WebSite","@id":"https:\/\/retecsl.com\/#website","url":"https:\/\/retecsl.com\/","name":"RETEC SL - Rectificadora Tecnica","description":"Reparaci\u00f3n y reconstrucci\u00f3n de todo tipo de motores de explosi\u00f3n","publisher":{"@id":"https:\/\/retecsl.com\/#organization"},"alternateName":"retecsl","potentialAction":[{"@type":"SearchAction","target":{"@type":"EntryPoint","urlTemplate":"https:\/\/retecsl.com\/?s={search_term_string}"},"query-input":{"@type":"PropertyValueSpecification","valueRequired":true,"valueName":"search_term_string"}}],"inLanguage":"ca"},{"@type":"Organization","@id":"https:\/\/retecsl.com\/#organization","name":"RETEC SL - Rectificadora Tecnica","url":"https:\/\/retecsl.com\/","logo":{"@type":"ImageObject","inLanguage":"ca","@id":"https:\/\/retecsl.com\/#\/schema\/logo\/image\/","url":"https:\/\/retecsl.com\/wp-content\/uploads\/2025\/04\/retec_logo.png","contentUrl":"https:\/\/retecsl.com\/wp-content\/uploads\/2025\/04\/retec_logo.png","width":400,"height":123,"caption":"RETEC SL - Rectificadora Tecnica"},"image":{"@id":"https:\/\/retecsl.com\/#\/schema\/logo\/image\/"}}]}},"_links":{"self":[{"href":"https:\/\/retecsl.com\/ca\/wp-json\/wp\/v2\/pages\/1097","targetHints":{"allow":["GET"]}}],"collection":[{"href":"https:\/\/retecsl.com\/ca\/wp-json\/wp\/v2\/pages"}],"about":[{"href":"https:\/\/retecsl.com\/ca\/wp-json\/wp\/v2\/types\/page"}],"author":[{"embeddable":true,"href":"https:\/\/retecsl.com\/ca\/wp-json\/wp\/v2\/users\/1"}],"replies":[{"embeddable":true,"href":"https:\/\/retecsl.com\/ca\/wp-json\/wp\/v2\/comments?post=1097"}],"version-history":[{"count":2,"href":"https:\/\/retecsl.com\/ca\/wp-json\/wp\/v2\/pages\/1097\/revisions"}],"predecessor-version":[{"id":1099,"href":"https:\/\/retecsl.com\/ca\/wp-json\/wp\/v2\/pages\/1097\/revisions\/1099"}],"up":[{"embeddable":true,"href":"https:\/\/retecsl.com\/ca\/wp-json\/wp\/v2\/pages\/1091"}],"wp:attachment":[{"href":"https:\/\/retecsl.com\/ca\/wp-json\/wp\/v2\/media?parent=1097"}],"curies":[{"name":"wp","href":"https:\/\/api.w.org\/{rel}","templated":true}]}}