{"id":1093,"date":"2025-04-14T14:00:53","date_gmt":"2025-04-14T14:00:53","guid":{"rendered":"https:\/\/retecsl.com\/serveis\/catalitzadors-i-filtres-de-particules\/"},"modified":"2025-04-15T11:07:44","modified_gmt":"2025-04-15T11:07:44","slug":"catalitzadors-i-filtres-de-particules","status":"publish","type":"page","link":"https:\/\/retecsl.com\/ca\/serveis\/catalitzadors-i-filtres-de-particules\/","title":{"rendered":"Catalitzadors i filtres de part\u00edcules"},"content":{"rendered":"\t\t<div data-elementor-type=\"wp-page\" data-elementor-id=\"1093\" class=\"elementor elementor-1093 elementor-982\" data-elementor-post-type=\"page\">\n\t\t\t\t\t\t<section class=\"elementor-section elementor-top-section elementor-element elementor-element-703d8a6d elementor-section-boxed elementor-section-height-default elementor-section-height-default\" data-id=\"703d8a6d\" data-element_type=\"section\" data-e-type=\"section\">\n\t\t\t\t\t\t<div class=\"elementor-container elementor-column-gap-wide\">\n\t\t\t\t\t<div class=\"elementor-column elementor-col-50 elementor-top-column elementor-element elementor-element-270722fa\" data-id=\"270722fa\" data-element_type=\"column\" data-e-type=\"column\">\n\t\t\t<div class=\"elementor-widget-wrap elementor-element-populated\">\n\t\t\t\t\t\t<div class=\"elementor-element elementor-element-5b28863 elementor-widget elementor-widget-heading\" data-id=\"5b28863\" data-element_type=\"widget\" data-e-type=\"widget\" data-widget_type=\"heading.default\">\n\t\t\t\t<div class=\"elementor-widget-container\">\n\t\t\t\t\t<h2 class=\"elementor-heading-title elementor-size-default\">Neteja i reparaci\u00f3 de catalitzadors i filtres de part\u00edcules<\/h2>\t\t\t\t<\/div>\n\t\t\t\t<\/div>\n\t\t\t\t<div class=\"elementor-element elementor-element-3543de17 elementor-widget elementor-widget-text-editor\" data-id=\"3543de17\" data-element_type=\"widget\" data-e-type=\"widget\" data-widget_type=\"text-editor.default\">\n\t\t\t\t<div class=\"elementor-widget-container\">\n\t\t\t\t\t\t\t\t\t<p>A RETEC SL \u2013 Rectificadora T\u00e8cnica, som especialistes en la neteja i reparaci\u00f3 de catalitzadors i filtres de part\u00edcules (FAP o DPF) per a tot tipus de vehicles, des de turismes i vehicles lleugers fins a camions, autobusos, maquin\u00e0ria agr\u00edcola, motors marins i d&#8217;obra p\u00fablica.<\/p><p>Comptem amb maquin\u00e0ria espec\u00edfica i t\u00e8cniques avan\u00e7ades per garantir una neteja profunda que permet recuperar fins al 98% de l&#8217;efici\u00e8ncia original del filtre de part\u00edcules i el catalitzador, perllongant la vida \u00fatil i millorant el rendiment del motor.<\/p><p>El nostre servei est\u00e0 pensat tant per a vehicles di\u00e8sel com benzina, complint amb els est\u00e0ndards mediambientals i ajudant a passar la ITV sense problemes.<\/p><p><strong>Treballem amb tot tipus de vehicles:<\/strong><\/p><ul><li>Vehicles lleugers i particulars<\/li><li>Camions i autobusos<\/li><li>Maquin\u00e0ria agr\u00edcola i industrial<\/li><li>Motors marins i obra p\u00fablica<\/li><\/ul>\t\t\t\t\t\t\t\t<\/div>\n\t\t\t\t<\/div>\n\t\t\t\t\t<\/div>\n\t\t<\/div>\n\t\t\t\t<div class=\"elementor-column elementor-col-50 elementor-top-column elementor-element elementor-element-1485398c\" data-id=\"1485398c\" data-element_type=\"column\" data-e-type=\"column\">\n\t\t\t<div class=\"elementor-widget-wrap elementor-element-populated\">\n\t\t\t\t\t\t<div class=\"elementor-element elementor-element-3d2f8d40 elementor-widget elementor-widget-image\" data-id=\"3d2f8d40\" data-element_type=\"widget\" data-e-type=\"widget\" data-widget_type=\"image.default\">\n\t\t\t\t<div class=\"elementor-widget-container\">\n\t\t\t\t\t\t\t\t\t\t\t\t\t\t\t<img fetchpriority=\"high\" decoding=\"async\" width=\"1024\" height=\"718\" src=\"https:\/\/retecsl.com\/wp-content\/uploads\/2024\/08\/Catalitzadors-1024x718.jpg\" class=\"attachment-large size-large wp-image-621\" alt=\"Catalitzadores\" srcset=\"https:\/\/retecsl.com\/wp-content\/uploads\/2024\/08\/Catalitzadors-1024x718.jpg 1024w, https:\/\/retecsl.com\/wp-content\/uploads\/2024\/08\/Catalitzadors-300x210.jpg 300w, https:\/\/retecsl.com\/wp-content\/uploads\/2024\/08\/Catalitzadors-768x538.jpg 768w, https:\/\/retecsl.com\/wp-content\/uploads\/2024\/08\/Catalitzadors-600x421.jpg 600w, https:\/\/retecsl.com\/wp-content\/uploads\/2024\/08\/Catalitzadors.jpg 1181w\" sizes=\"(max-width: 1024px) 100vw, 1024px\" \/>\t\t\t\t\t\t\t\t\t\t\t\t\t\t\t<\/div>\n\t\t\t\t<\/div>\n\t\t\t\t<div class=\"elementor-element elementor-element-359c734 elementor-widget elementor-widget-text-editor\" data-id=\"359c734\" data-element_type=\"widget\" data-e-type=\"widget\" data-widget_type=\"text-editor.default\">\n\t\t\t\t<div class=\"elementor-widget-container\">\n\t\t\t\t\t\t\t\t\t<p>Oferim diagn\u00f2stics personalitzats i garantim una intervenci\u00f3 r\u00e0pida, efica\u00e7 i al millor preu. Confia en el nostre equip t\u00e8cnic per evitar substitucions costoses i tornar al sistema de fuita el rendiment que necessita. <\/p><p>Tens problemes amb el filtre de part\u00edcules o el catalitzador? <a href=\"https:\/\/retecsl.com\/ca\/contacte\/\">Contacta<\/a> amb nosaltres i t&#8217;informarem sense cap comprom\u00eds.<\/p>\t\t\t\t\t\t\t\t<\/div>\n\t\t\t\t<\/div>\n\t\t\t\t\t<\/div>\n\t\t<\/div>\n\t\t\t\t\t<\/div>\n\t\t<\/section>\n\t\t\t\t<section class=\"elementor-section elementor-top-section elementor-element elementor-element-4289e3bd elementor-section-boxed elementor-section-height-default elementor-section-height-default\" data-id=\"4289e3bd\" data-element_type=\"section\" data-e-type=\"section\" data-settings=\"{&quot;background_background&quot;:&quot;classic&quot;}\">\n\t\t\t\t\t\t<div class=\"elementor-container elementor-column-gap-wide\">\n\t\t\t\t\t<div class=\"elementor-column elementor-col-50 elementor-top-column elementor-element elementor-element-337b038\" data-id=\"337b038\" data-element_type=\"column\" data-e-type=\"column\">\n\t\t\t<div class=\"elementor-widget-wrap elementor-element-populated\">\n\t\t\t\t\t\t<div class=\"elementor-element elementor-element-1e325262 elementor-widget elementor-widget-video\" data-id=\"1e325262\" data-element_type=\"widget\" data-e-type=\"widget\" data-settings=\"{&quot;youtube_url&quot;:&quot;https:\\\/\\\/www.youtube.com\\\/watch?v=rSBLXAyAG7w&quot;,&quot;video_type&quot;:&quot;youtube&quot;,&quot;controls&quot;:&quot;yes&quot;}\" data-widget_type=\"video.default\">\n\t\t\t\t<div class=\"elementor-widget-container\">\n\t\t\t\t\t\t\t<div class=\"elementor-wrapper elementor-open-inline\">\n\t\t\t<div class=\"elementor-video\"><\/div>\t\t<\/div>\n\t\t\t\t\t\t<\/div>\n\t\t\t\t<\/div>\n\t\t\t\t\t<\/div>\n\t\t<\/div>\n\t\t\t\t<div class=\"elementor-column elementor-col-50 elementor-top-column elementor-element elementor-element-2ea48b4d\" data-id=\"2ea48b4d\" data-element_type=\"column\" data-e-type=\"column\">\n\t\t\t<div class=\"elementor-widget-wrap elementor-element-populated\">\n\t\t\t\t\t\t<div class=\"elementor-element elementor-element-6fa24b2e elementor-widget elementor-widget-video\" data-id=\"6fa24b2e\" data-element_type=\"widget\" data-e-type=\"widget\" data-settings=\"{&quot;youtube_url&quot;:&quot;https:\\\/\\\/www.youtube.com\\\/watch?v=-QmWsA5PCno&quot;,&quot;video_type&quot;:&quot;youtube&quot;,&quot;controls&quot;:&quot;yes&quot;}\" data-widget_type=\"video.default\">\n\t\t\t\t<div class=\"elementor-widget-container\">\n\t\t\t\t\t\t\t<div class=\"elementor-wrapper elementor-open-inline\">\n\t\t\t<div class=\"elementor-video\"><\/div>\t\t<\/div>\n\t\t\t\t\t\t<\/div>\n\t\t\t\t<\/div>\n\t\t\t\t\t<\/div>\n\t\t<\/div>\n\t\t\t\t\t<\/div>\n\t\t<\/section>\n\t\t\t\t<section class=\"elementor-section elementor-top-section elementor-element elementor-element-3d4a5b36 elementor-section-boxed elementor-section-height-default elementor-section-height-default\" data-id=\"3d4a5b36\" data-element_type=\"section\" data-e-type=\"section\" data-settings=\"{&quot;background_background&quot;:&quot;classic&quot;}\">\n\t\t\t\t\t\t<div class=\"elementor-container elementor-column-gap-wide\">\n\t\t\t\t\t<div class=\"elementor-column elementor-col-50 elementor-top-column elementor-element elementor-element-3b7438e3\" data-id=\"3b7438e3\" data-element_type=\"column\" data-e-type=\"column\">\n\t\t\t<div class=\"elementor-widget-wrap elementor-element-populated\">\n\t\t\t\t\t\t<div class=\"elementor-element elementor-element-6c6f298b elementor-widget elementor-widget-image\" data-id=\"6c6f298b\" data-element_type=\"widget\" data-e-type=\"widget\" data-widget_type=\"image.default\">\n\t\t\t\t<div class=\"elementor-widget-container\">\n\t\t\t\t\t\t\t\t\t\t\t\t\t\t\t<img decoding=\"async\" width=\"550\" height=\"550\" src=\"https:\/\/retecsl.com\/wp-content\/uploads\/2024\/08\/MAQUINA-FAP2.jpg\" class=\"attachment-large size-large wp-image-636\" alt=\"Limpieza y reparaci\u00f3n de Catalizadores y Filtros de Part\u00edculas\" srcset=\"https:\/\/retecsl.com\/wp-content\/uploads\/2024\/08\/MAQUINA-FAP2.jpg 550w, https:\/\/retecsl.com\/wp-content\/uploads\/2024\/08\/MAQUINA-FAP2-300x300.jpg 300w, https:\/\/retecsl.com\/wp-content\/uploads\/2024\/08\/MAQUINA-FAP2-150x150.jpg 150w, https:\/\/retecsl.com\/wp-content\/uploads\/2024\/08\/MAQUINA-FAP2-100x100.jpg 100w\" sizes=\"(max-width: 550px) 100vw, 550px\" \/>\t\t\t\t\t\t\t\t\t\t\t\t\t\t\t<\/div>\n\t\t\t\t<\/div>\n\t\t\t\t\t<\/div>\n\t\t<\/div>\n\t\t\t\t<div class=\"elementor-column elementor-col-50 elementor-top-column elementor-element elementor-element-3e78d67b\" data-id=\"3e78d67b\" data-element_type=\"column\" data-e-type=\"column\">\n\t\t\t<div class=\"elementor-widget-wrap elementor-element-populated\">\n\t\t\t\t\t\t<section class=\"elementor-section elementor-inner-section elementor-element elementor-element-49005bc0 elementor-section-boxed elementor-section-height-default elementor-section-height-default\" data-id=\"49005bc0\" data-element_type=\"section\" data-e-type=\"section\">\n\t\t\t\t\t\t<div class=\"elementor-container elementor-column-gap-default\">\n\t\t\t\t\t<div class=\"elementor-column elementor-col-100 elementor-inner-column elementor-element elementor-element-2f8de96\" data-id=\"2f8de96\" data-element_type=\"column\" data-e-type=\"column\">\n\t\t\t<div class=\"elementor-widget-wrap elementor-element-populated\">\n\t\t\t\t\t\t<div class=\"elementor-element elementor-element-7c979f6a elementor-widget elementor-widget-text-editor\" data-id=\"7c979f6a\" data-element_type=\"widget\" data-e-type=\"widget\" data-widget_type=\"text-editor.default\">\n\t\t\t\t<div class=\"elementor-widget-container\">\n\t\t\t\t\t\t\t\t\tABANS: Filtre brut d&#8217;additius i part\u00edcules\t\t\t\t\t\t\t\t<\/div>\n\t\t\t\t<\/div>\n\t\t\t\t<div class=\"elementor-element elementor-element-644b2006 elementor-widget elementor-widget-image\" data-id=\"644b2006\" data-element_type=\"widget\" data-e-type=\"widget\" data-widget_type=\"image.default\">\n\t\t\t\t<div class=\"elementor-widget-container\">\n\t\t\t\t\t\t\t\t\t\t\t\t\t\t\t<img decoding=\"async\" width=\"349\" height=\"229\" src=\"https:\/\/retecsl.com\/wp-content\/uploads\/2024\/08\/antes.jpg\" class=\"attachment-large size-large wp-image-630\" alt=\"Filtro sucio de aditivos y part\u00edculas\" srcset=\"https:\/\/retecsl.com\/wp-content\/uploads\/2024\/08\/antes.jpg 349w, https:\/\/retecsl.com\/wp-content\/uploads\/2024\/08\/antes-300x197.jpg 300w\" sizes=\"(max-width: 349px) 100vw, 349px\" \/>\t\t\t\t\t\t\t\t\t\t\t\t\t\t\t<\/div>\n\t\t\t\t<\/div>\n\t\t\t\t\t<\/div>\n\t\t<\/div>\n\t\t\t\t\t<\/div>\n\t\t<\/section>\n\t\t\t\t<section class=\"elementor-section elementor-inner-section elementor-element elementor-element-11e81d2 elementor-section-boxed elementor-section-height-default elementor-section-height-default\" data-id=\"11e81d2\" data-element_type=\"section\" data-e-type=\"section\">\n\t\t\t\t\t\t<div class=\"elementor-container elementor-column-gap-default\">\n\t\t\t\t\t<div class=\"elementor-column elementor-col-100 elementor-inner-column elementor-element elementor-element-bed9892\" data-id=\"bed9892\" data-element_type=\"column\" data-e-type=\"column\">\n\t\t\t<div class=\"elementor-widget-wrap elementor-element-populated\">\n\t\t\t\t\t\t<div class=\"elementor-element elementor-element-78c564e4 elementor-widget elementor-widget-text-editor\" data-id=\"78c564e4\" data-element_type=\"widget\" data-e-type=\"widget\" data-widget_type=\"text-editor.default\">\n\t\t\t\t<div class=\"elementor-widget-container\">\n\t\t\t\t\t\t\t\t\tDESPR\u00c9S: Filtre net\t\t\t\t\t\t\t\t<\/div>\n\t\t\t\t<\/div>\n\t\t\t\t<div class=\"elementor-element elementor-element-6c729cb1 elementor-widget elementor-widget-image\" data-id=\"6c729cb1\" data-element_type=\"widget\" data-e-type=\"widget\" data-widget_type=\"image.default\">\n\t\t\t\t<div class=\"elementor-widget-container\">\n\t\t\t\t\t\t\t\t\t\t\t\t\t\t\t<img loading=\"lazy\" decoding=\"async\" width=\"349\" height=\"229\" src=\"https:\/\/retecsl.com\/wp-content\/uploads\/2024\/08\/despues.jpg\" class=\"attachment-large size-large wp-image-633\" alt=\"DESPU\u00c9S\nFiltro limpio\" srcset=\"https:\/\/retecsl.com\/wp-content\/uploads\/2024\/08\/despues.jpg 349w, https:\/\/retecsl.com\/wp-content\/uploads\/2024\/08\/despues-300x197.jpg 300w\" sizes=\"(max-width: 349px) 100vw, 349px\" \/>\t\t\t\t\t\t\t\t\t\t\t\t\t\t\t<\/div>\n\t\t\t\t<\/div>\n\t\t\t\t\t<\/div>\n\t\t<\/div>\n\t\t\t\t\t<\/div>\n\t\t<\/section>\n\t\t\t\t\t<\/div>\n\t\t<\/div>\n\t\t\t\t\t<\/div>\n\t\t<\/section>\n\t\t\t\t<\/div>\n\t\t","protected":false},"excerpt":{"rendered":"<p>Neteja i reparaci\u00f3 de catalitzadors i filtres de part\u00edcules A RETEC SL \u2013 Rectificadora T\u00e8cnica, som especialistes en la neteja i reparaci\u00f3 de catalitzadors i filtres de part\u00edcules (FAP o DPF) per a tot tipus de vehicles, des de turismes i vehicles lleugers fins a camions, autobusos, maquin\u00e0ria agr\u00edcola, motors marins i d&#8217;obra p\u00fablica. Comptem [&hellip;]<\/p>\n","protected":false},"author":1,"featured_media":0,"parent":1091,"menu_order":0,"comment_status":"closed","ping_status":"closed","template":"","meta":{"_monsterinsights_skip_tracking":false,"_monsterinsights_sitenote_active":false,"_monsterinsights_sitenote_note":"","_monsterinsights_sitenote_category":0,"site-sidebar-layout":"no-sidebar","site-content-layout":"page-builder","ast-site-content-layout":"full-width-container","site-content-style":"default","site-sidebar-style":"default","ast-global-header-display":"","ast-banner-title-visibility":"","ast-main-header-display":"","ast-hfb-above-header-display":"","ast-hfb-below-header-display":"","ast-hfb-mobile-header-display":"","site-post-title":"disabled","ast-breadcrumbs-content":"","ast-featured-img":"disabled","footer-sml-layout":"","ast-disable-related-posts":"","theme-transparent-header-meta":"default","adv-header-id-meta":"448","stick-header-meta":"default","header-above-stick-meta":"","header-main-stick-meta":"","header-below-stick-meta":"","astra-migrate-meta-layouts":"default","ast-page-background-enabled":"default","ast-page-background-meta":{"desktop":{"background-color":"var(--ast-global-color-4)","background-image":"","background-repeat":"repeat","background-position":"center center","background-size":"auto","background-attachment":"scroll","background-type":"","background-media":"","overlay-type":"","overlay-color":"","overlay-opacity":"","overlay-gradient":""},"tablet":{"background-color":"","background-image":"","background-repeat":"repeat","background-position":"center center","background-size":"auto","background-attachment":"scroll","background-type":"","background-media":"","overlay-type":"","overlay-color":"","overlay-opacity":"","overlay-gradient":""},"mobile":{"background-color":"","background-image":"","background-repeat":"repeat","background-position":"center center","background-size":"auto","background-attachment":"scroll","background-type":"","background-media":"","overlay-type":"","overlay-color":"","overlay-opacity":"","overlay-gradient":""}},"ast-content-background-meta":{"desktop":{"background-color":"var(--ast-global-color-5)","background-image":"","background-repeat":"repeat","background-position":"center center","background-size":"auto","background-attachment":"scroll","background-type":"","background-media":"","overlay-type":"","overlay-color":"","overlay-opacity":"","overlay-gradient":""},"tablet":{"background-color":"var(--ast-global-color-5)","background-image":"","background-repeat":"repeat","background-position":"center center","background-size":"auto","background-attachment":"scroll","background-type":"","background-media":"","overlay-type":"","overlay-color":"","overlay-opacity":"","overlay-gradient":""},"mobile":{"background-color":"var(--ast-global-color-5)","background-image":"","background-repeat":"repeat","background-position":"center center","background-size":"auto","background-attachment":"scroll","background-type":"","background-media":"","overlay-type":"","overlay-color":"","overlay-opacity":"","overlay-gradient":""}},"footnotes":""},"class_list":["post-1093","page","type-page","status-publish","hentry"],"yoast_head":"<!-- This site is optimized with the Yoast SEO plugin v27.5 - https:\/\/yoast.com\/product\/yoast-seo-wordpress\/ -->\n<title>Catalitzadors i filtres de part\u00edcules - RETEC SL - Rectificadora Tecnica<\/title>\n<meta name=\"description\" content=\"A Rectificadora T\u00e8cnica, som especialistes en la neteja i reparaci\u00f3 de catalitzadors i filtres de part\u00edcules (FAP o DPF).\" \/>\n<meta name=\"robots\" content=\"index, follow, max-snippet:-1, max-image-preview:large, max-video-preview:-1\" \/>\n<link rel=\"canonical\" href=\"https:\/\/retecsl.com\/ca\/serveis\/catalitzadors-i-filtres-de-particules\/\" \/>\n<meta property=\"og:locale\" content=\"ca_ES\" \/>\n<meta property=\"og:type\" content=\"article\" \/>\n<meta property=\"og:title\" content=\"Catalitzadors i filtres de part\u00edcules - RETEC SL - Rectificadora Tecnica\" \/>\n<meta property=\"og:description\" content=\"A Rectificadora T\u00e8cnica, som especialistes en la neteja i reparaci\u00f3 de catalitzadors i filtres de part\u00edcules (FAP o DPF).\" \/>\n<meta property=\"og:url\" content=\"https:\/\/retecsl.com\/ca\/serveis\/catalitzadors-i-filtres-de-particules\/\" \/>\n<meta property=\"og:site_name\" content=\"RETEC SL - Rectificadora Tecnica\" \/>\n<meta property=\"article:modified_time\" content=\"2025-04-15T11:07:44+00:00\" \/>\n<meta property=\"og:image\" content=\"https:\/\/retecsl.com\/wp-content\/uploads\/2024\/08\/Catalitzadors.jpg\" \/>\n\t<meta property=\"og:image:width\" content=\"1181\" \/>\n\t<meta property=\"og:image:height\" content=\"828\" \/>\n\t<meta property=\"og:image:type\" content=\"image\/jpeg\" \/>\n<meta name=\"twitter:card\" content=\"summary_large_image\" \/>\n<meta name=\"twitter:label1\" content=\"Temps estimat de lectura\" \/>\n\t<meta name=\"twitter:data1\" content=\"1 minut\" \/>\n<script type=\"application\/ld+json\" class=\"yoast-schema-graph\">{\"@context\":\"https:\\\/\\\/schema.org\",\"@graph\":[{\"@type\":\"WebPage\",\"@id\":\"https:\\\/\\\/retecsl.com\\\/ca\\\/serveis\\\/catalitzadors-i-filtres-de-particules\\\/\",\"url\":\"https:\\\/\\\/retecsl.com\\\/ca\\\/serveis\\\/catalitzadors-i-filtres-de-particules\\\/\",\"name\":\"Catalitzadors i filtres de part\u00edcules - RETEC SL - Rectificadora Tecnica\",\"isPartOf\":{\"@id\":\"https:\\\/\\\/retecsl.com\\\/#website\"},\"primaryImageOfPage\":{\"@id\":\"https:\\\/\\\/retecsl.com\\\/ca\\\/serveis\\\/catalitzadors-i-filtres-de-particules\\\/#primaryimage\"},\"image\":{\"@id\":\"https:\\\/\\\/retecsl.com\\\/ca\\\/serveis\\\/catalitzadors-i-filtres-de-particules\\\/#primaryimage\"},\"thumbnailUrl\":\"https:\\\/\\\/retecsl.com\\\/wp-content\\\/uploads\\\/2024\\\/08\\\/Catalitzadors-1024x718.jpg\",\"datePublished\":\"2025-04-14T14:00:53+00:00\",\"dateModified\":\"2025-04-15T11:07:44+00:00\",\"description\":\"A Rectificadora T\u00e8cnica, som especialistes en la neteja i reparaci\u00f3 de catalitzadors i filtres de part\u00edcules (FAP o DPF).\",\"breadcrumb\":{\"@id\":\"https:\\\/\\\/retecsl.com\\\/ca\\\/serveis\\\/catalitzadors-i-filtres-de-particules\\\/#breadcrumb\"},\"inLanguage\":\"ca\",\"potentialAction\":[{\"@type\":\"ReadAction\",\"target\":[\"https:\\\/\\\/retecsl.com\\\/ca\\\/serveis\\\/catalitzadors-i-filtres-de-particules\\\/\"]}]},{\"@type\":\"ImageObject\",\"inLanguage\":\"ca\",\"@id\":\"https:\\\/\\\/retecsl.com\\\/ca\\\/serveis\\\/catalitzadors-i-filtres-de-particules\\\/#primaryimage\",\"url\":\"https:\\\/\\\/retecsl.com\\\/wp-content\\\/uploads\\\/2024\\\/08\\\/Catalitzadors-1024x718.jpg\",\"contentUrl\":\"https:\\\/\\\/retecsl.com\\\/wp-content\\\/uploads\\\/2024\\\/08\\\/Catalitzadors-1024x718.jpg\"},{\"@type\":\"BreadcrumbList\",\"@id\":\"https:\\\/\\\/retecsl.com\\\/ca\\\/serveis\\\/catalitzadors-i-filtres-de-particules\\\/#breadcrumb\",\"itemListElement\":[{\"@type\":\"ListItem\",\"position\":1,\"name\":\"Portada\",\"item\":\"https:\\\/\\\/retecsl.com\\\/ca\\\/\"},{\"@type\":\"ListItem\",\"position\":2,\"name\":\"Serveis\",\"item\":\"https:\\\/\\\/retecsl.com\\\/ca\\\/serveis\\\/\"},{\"@type\":\"ListItem\",\"position\":3,\"name\":\"Catalitzadors i filtres de part\u00edcules\"}]},{\"@type\":\"WebSite\",\"@id\":\"https:\\\/\\\/retecsl.com\\\/#website\",\"url\":\"https:\\\/\\\/retecsl.com\\\/\",\"name\":\"RETEC SL - Rectificadora Tecnica\",\"description\":\"Reparaci\u00f3n y reconstrucci\u00f3n de todo tipo de motores de explosi\u00f3n\",\"publisher\":{\"@id\":\"https:\\\/\\\/retecsl.com\\\/#organization\"},\"alternateName\":\"retecsl\",\"potentialAction\":[{\"@type\":\"SearchAction\",\"target\":{\"@type\":\"EntryPoint\",\"urlTemplate\":\"https:\\\/\\\/retecsl.com\\\/?s={search_term_string}\"},\"query-input\":{\"@type\":\"PropertyValueSpecification\",\"valueRequired\":true,\"valueName\":\"search_term_string\"}}],\"inLanguage\":\"ca\"},{\"@type\":\"Organization\",\"@id\":\"https:\\\/\\\/retecsl.com\\\/#organization\",\"name\":\"RETEC SL - Rectificadora Tecnica\",\"url\":\"https:\\\/\\\/retecsl.com\\\/\",\"logo\":{\"@type\":\"ImageObject\",\"inLanguage\":\"ca\",\"@id\":\"https:\\\/\\\/retecsl.com\\\/#\\\/schema\\\/logo\\\/image\\\/\",\"url\":\"https:\\\/\\\/retecsl.com\\\/wp-content\\\/uploads\\\/2025\\\/04\\\/retec_logo.png\",\"contentUrl\":\"https:\\\/\\\/retecsl.com\\\/wp-content\\\/uploads\\\/2025\\\/04\\\/retec_logo.png\",\"width\":400,\"height\":123,\"caption\":\"RETEC SL - Rectificadora Tecnica\"},\"image\":{\"@id\":\"https:\\\/\\\/retecsl.com\\\/#\\\/schema\\\/logo\\\/image\\\/\"}}]}<\/script>\n<!-- \/ Yoast SEO plugin. -->","yoast_head_json":{"title":"Catalitzadors i filtres de part\u00edcules - RETEC SL - Rectificadora Tecnica","description":"A Rectificadora T\u00e8cnica, som especialistes en la neteja i reparaci\u00f3 de catalitzadors i filtres de part\u00edcules (FAP o DPF).","robots":{"index":"index","follow":"follow","max-snippet":"max-snippet:-1","max-image-preview":"max-image-preview:large","max-video-preview":"max-video-preview:-1"},"canonical":"https:\/\/retecsl.com\/ca\/serveis\/catalitzadors-i-filtres-de-particules\/","og_locale":"ca_ES","og_type":"article","og_title":"Catalitzadors i filtres de part\u00edcules - RETEC SL - Rectificadora Tecnica","og_description":"A Rectificadora T\u00e8cnica, som especialistes en la neteja i reparaci\u00f3 de catalitzadors i filtres de part\u00edcules (FAP o DPF).","og_url":"https:\/\/retecsl.com\/ca\/serveis\/catalitzadors-i-filtres-de-particules\/","og_site_name":"RETEC SL - Rectificadora Tecnica","article_modified_time":"2025-04-15T11:07:44+00:00","og_image":[{"width":1181,"height":828,"url":"https:\/\/retecsl.com\/wp-content\/uploads\/2024\/08\/Catalitzadors.jpg","type":"image\/jpeg"}],"twitter_card":"summary_large_image","twitter_misc":{"Temps estimat de lectura":"1 minut"},"schema":{"@context":"https:\/\/schema.org","@graph":[{"@type":"WebPage","@id":"https:\/\/retecsl.com\/ca\/serveis\/catalitzadors-i-filtres-de-particules\/","url":"https:\/\/retecsl.com\/ca\/serveis\/catalitzadors-i-filtres-de-particules\/","name":"Catalitzadors i filtres de part\u00edcules - RETEC SL - Rectificadora Tecnica","isPartOf":{"@id":"https:\/\/retecsl.com\/#website"},"primaryImageOfPage":{"@id":"https:\/\/retecsl.com\/ca\/serveis\/catalitzadors-i-filtres-de-particules\/#primaryimage"},"image":{"@id":"https:\/\/retecsl.com\/ca\/serveis\/catalitzadors-i-filtres-de-particules\/#primaryimage"},"thumbnailUrl":"https:\/\/retecsl.com\/wp-content\/uploads\/2024\/08\/Catalitzadors-1024x718.jpg","datePublished":"2025-04-14T14:00:53+00:00","dateModified":"2025-04-15T11:07:44+00:00","description":"A Rectificadora T\u00e8cnica, som especialistes en la neteja i reparaci\u00f3 de catalitzadors i filtres de part\u00edcules (FAP o DPF).","breadcrumb":{"@id":"https:\/\/retecsl.com\/ca\/serveis\/catalitzadors-i-filtres-de-particules\/#breadcrumb"},"inLanguage":"ca","potentialAction":[{"@type":"ReadAction","target":["https:\/\/retecsl.com\/ca\/serveis\/catalitzadors-i-filtres-de-particules\/"]}]},{"@type":"ImageObject","inLanguage":"ca","@id":"https:\/\/retecsl.com\/ca\/serveis\/catalitzadors-i-filtres-de-particules\/#primaryimage","url":"https:\/\/retecsl.com\/wp-content\/uploads\/2024\/08\/Catalitzadors-1024x718.jpg","contentUrl":"https:\/\/retecsl.com\/wp-content\/uploads\/2024\/08\/Catalitzadors-1024x718.jpg"},{"@type":"BreadcrumbList","@id":"https:\/\/retecsl.com\/ca\/serveis\/catalitzadors-i-filtres-de-particules\/#breadcrumb","itemListElement":[{"@type":"ListItem","position":1,"name":"Portada","item":"https:\/\/retecsl.com\/ca\/"},{"@type":"ListItem","position":2,"name":"Serveis","item":"https:\/\/retecsl.com\/ca\/serveis\/"},{"@type":"ListItem","position":3,"name":"Catalitzadors i filtres de part\u00edcules"}]},{"@type":"WebSite","@id":"https:\/\/retecsl.com\/#website","url":"https:\/\/retecsl.com\/","name":"RETEC SL - Rectificadora Tecnica","description":"Reparaci\u00f3n y reconstrucci\u00f3n de todo tipo de motores de explosi\u00f3n","publisher":{"@id":"https:\/\/retecsl.com\/#organization"},"alternateName":"retecsl","potentialAction":[{"@type":"SearchAction","target":{"@type":"EntryPoint","urlTemplate":"https:\/\/retecsl.com\/?s={search_term_string}"},"query-input":{"@type":"PropertyValueSpecification","valueRequired":true,"valueName":"search_term_string"}}],"inLanguage":"ca"},{"@type":"Organization","@id":"https:\/\/retecsl.com\/#organization","name":"RETEC SL - Rectificadora Tecnica","url":"https:\/\/retecsl.com\/","logo":{"@type":"ImageObject","inLanguage":"ca","@id":"https:\/\/retecsl.com\/#\/schema\/logo\/image\/","url":"https:\/\/retecsl.com\/wp-content\/uploads\/2025\/04\/retec_logo.png","contentUrl":"https:\/\/retecsl.com\/wp-content\/uploads\/2025\/04\/retec_logo.png","width":400,"height":123,"caption":"RETEC SL - Rectificadora Tecnica"},"image":{"@id":"https:\/\/retecsl.com\/#\/schema\/logo\/image\/"}}]}},"_links":{"self":[{"href":"https:\/\/retecsl.com\/ca\/wp-json\/wp\/v2\/pages\/1093","targetHints":{"allow":["GET"]}}],"collection":[{"href":"https:\/\/retecsl.com\/ca\/wp-json\/wp\/v2\/pages"}],"about":[{"href":"https:\/\/retecsl.com\/ca\/wp-json\/wp\/v2\/types\/page"}],"author":[{"embeddable":true,"href":"https:\/\/retecsl.com\/ca\/wp-json\/wp\/v2\/users\/1"}],"replies":[{"embeddable":true,"href":"https:\/\/retecsl.com\/ca\/wp-json\/wp\/v2\/comments?post=1093"}],"version-history":[{"count":2,"href":"https:\/\/retecsl.com\/ca\/wp-json\/wp\/v2\/pages\/1093\/revisions"}],"predecessor-version":[{"id":1095,"href":"https:\/\/retecsl.com\/ca\/wp-json\/wp\/v2\/pages\/1093\/revisions\/1095"}],"up":[{"embeddable":true,"href":"https:\/\/retecsl.com\/ca\/wp-json\/wp\/v2\/pages\/1091"}],"wp:attachment":[{"href":"https:\/\/retecsl.com\/ca\/wp-json\/wp\/v2\/media?parent=1093"}],"curies":[{"name":"wp","href":"https:\/\/api.w.org\/{rel}","templated":true}]}}